{"id":134,"date":"2022-04-19T16:56:33","date_gmt":"2022-04-19T16:56:33","guid":{"rendered":"https:\/\/jucespjundiai.com.br\/novo\/?page_id=134"},"modified":"2022-04-19T17:04:00","modified_gmt":"2022-04-19T17:04:00","slug":"exigencias-e-orientacoes","status":"publish","type":"page","link":"https:\/\/jucespjundiai.com.br\/novo\/exigencias-e-orientacoes\/","title":{"rendered":"Exig\u00eancias e Orienta\u00e7\u00f5es"},"content":{"rendered":"<p>[et_pb_section fb_built=&#8221;1&#8243; _builder_version=&#8221;4.3.2&#8243; custom_padding=&#8221;4px|||||&#8221;][et_pb_row _builder_version=&#8221;4.3.2&#8243; custom_padding=&#8221;0px||5px|||&#8221;][et_pb_column type=&#8221;4_4&#8243; _builder_version=&#8221;4.3.2&#8243;][et_pb_text _builder_version=&#8221;4.3.2&#8243; background_color=&#8221;#fc962f&#8221; custom_margin=&#8221;-11px||||false|false&#8221; custom_padding=&#8221;14px|||19px|false|false&#8221; hover_enabled=&#8221;0&#8243;]<\/p>\n<h1><em><strong>EXIG\u00caNCIAS E ORIENTA\u00c7\u00d5ES<\/strong><\/em><\/h1>\n<p>[\/et_pb_text][et_pb_text _builder_version=&#8221;4.3.2&#8243; hover_enabled=&#8221;0&#8243;]<\/p>\n<h3 id=\"u628-2\"><strong>Aqui voc\u00ea encontra a lista de exig\u00eancias para cada tipo jur\u00eddico:<\/strong><\/h3>\n<p>[\/et_pb_text][\/et_pb_column][\/et_pb_row][et_pb_row _builder_version=&#8221;4.3.2&#8243; column_structure=&#8221;1_3,1_3,1_3&#8243;][et_pb_column _builder_version=&#8221;4.3.2&#8243; type=&#8221;1_3&#8243;][et_pb_blurb title=&#8221;EMPRES\u00c1RIO INDIVIDUAL&#8221; _builder_version=&#8221;4.3.2&#8243; use_icon=&#8221;on&#8221; font_icon=&#8221;%%72%%&#8221; link_option_url=&#8221;https:\/\/www.jucespjundiai.com.br\/downloads\/EMPRES\u00c1RIO_INDIVIDUAL_EXIG\u00caNCIA.pdf&#8221; link_option_url_new_window=&#8221;on&#8221; hover_enabled=&#8221;0&#8243; text_orientation=&#8221;center&#8221;]<\/p>\n<p>Clique aqui para baixar o arquivo em PDF<\/p>\n<p>[\/et_pb_blurb][\/et_pb_column][et_pb_column _builder_version=&#8221;4.3.2&#8243; type=&#8221;1_3&#8243;][et_pb_blurb title=&#8221;SOCIEDADE AN\u00d4NIMA&#8221; _builder_version=&#8221;4.3.2&#8243; use_icon=&#8221;on&#8221; font_icon=&#8221;%%72%%&#8221; link_option_url=&#8221;https:\/\/www.jucespjundiai.com.br\/downloads\/SOCIEDADE_ANONIMA_EXIG\u00caNCIA.pdf&#8221; link_option_url_new_window=&#8221;on&#8221; hover_enabled=&#8221;0&#8243; text_orientation=&#8221;center&#8221;]<\/p>\n<p>Clique aqui para baixar o arquivo em PDF<\/p>\n<p>[\/et_pb_blurb][\/et_pb_column][et_pb_column _builder_version=&#8221;4.3.2&#8243; type=&#8221;1_3&#8243;][et_pb_blurb title=&#8221;EMPRES\u00c1RIO INDIVIDUAL&#8221; _builder_version=&#8221;4.3.2&#8243; use_icon=&#8221;on&#8221; font_icon=&#8221;%%72%%&#8221; link_option_url=&#8221;https:\/\/www.jucespjundiai.com.br\/downloads\/SOCIEDADE_LIMITADA_EXIG\u00caNCIA.pdf&#8221; link_option_url_new_window=&#8221;on&#8221; hover_enabled=&#8221;0&#8243; text_orientation=&#8221;center&#8221;]<\/p>\n<p>Clique aqui para baixar o arquivo em PDF<\/p>\n<p>[\/et_pb_blurb][\/et_pb_column][\/et_pb_row][\/et_pb_section]<\/p>\n","protected":false},"excerpt":{"rendered":"<p>[et_pb_section fb_built=&#8221;1&#8243; _builder_version=&#8221;4.3.2&#8243; custom_padding=&#8221;4px|||||&#8221;][et_pb_row _builder_version=&#8221;4.3.2&#8243; custom_padding=&#8221;0px||5px|||&#8221;][et_pb_column type=&#8221;4_4&#8243; _builder_version=&#8221;4.3.2&#8243;][et_pb_text _builder_version=&#8221;4.3.2&#8243; background_color=&#8221;#fc962f&#8221; custom_margin=&#8221;-11px||||false|false&#8221; custom_padding=&#8221;14px|||19px|false|false&#8221; hover_enabled=&#8221;0&#8243;] EXIG\u00caNCIAS E ORIENTA\u00c7\u00d5ES [\/et_pb_text][et_pb_text _builder_version=&#8221;4.3.2&#8243; hover_enabled=&#8221;0&#8243;] Aqui voc\u00ea encontra a lista de exig\u00eancias para cada tipo jur\u00eddico: [\/et_pb_text][\/et_pb_column][\/et_pb_row][et_pb_row _builder_version=&#8221;4.3.2&#8243; column_structure=&#8221;1_3,1_3,1_3&#8243;][et_pb_column _builder_version=&#8221;4.3.2&#8243; type=&#8221;1_3&#8243;][et_pb_blurb title=&#8221;EMPRES\u00c1RIO INDIVIDUAL&#8221; _builder_version=&#8221;4.3.2&#8243; use_icon=&#8221;on&#8221; font_icon=&#8221;%%72%%&#8221; link_option_url=&#8221;https:\/\/www.jucespjundiai.com.br\/downloads\/EMPRES\u00c1RIO_INDIVIDUAL_EXIG\u00caNCIA.pdf&#8221; link_option_url_new_window=&#8221;on&#8221; hover_enabled=&#8221;0&#8243; text_orientation=&#8221;center&#8221;] Clique aqui para baixar o arquivo em PDF [\/et_pb_blurb][\/et_pb_column][et_pb_column _builder_version=&#8221;4.3.2&#8243; type=&#8221;1_3&#8243;][et_pb_blurb [&hellip;]<\/p>\n","protected":false},"author":1,"featured_media":0,"parent":0,"menu_order":0,"comment_status":"closed","ping_status":"closed","template":"","meta":{"_et_pb_use_builder":"on","_et_pb_old_content":"","_et_gb_content_width":"","footnotes":""},"class_list":["post-134","page","type-page","status-publish","hentry"],"_links":{"self":[{"href":"https:\/\/jucespjundiai.com.br\/novo\/wp-json\/wp\/v2\/pages\/134","targetHints":{"allow":["GET"]}}],"collection":[{"href":"https:\/\/jucespjundiai.com.br\/novo\/wp-json\/wp\/v2\/pages"}],"about":[{"href":"https:\/\/jucespjundiai.com.br\/novo\/wp-json\/wp\/v2\/types\/page"}],"author":[{"embeddable":true,"href":"https:\/\/jucespjundiai.com.br\/novo\/wp-json\/wp\/v2\/users\/1"}],"replies":[{"embeddable":true,"href":"https:\/\/jucespjundiai.com.br\/novo\/wp-json\/wp\/v2\/comments?post=134"}],"version-history":[{"count":3,"href":"https:\/\/jucespjundiai.com.br\/novo\/wp-json\/wp\/v2\/pages\/134\/revisions"}],"predecessor-version":[{"id":137,"href":"https:\/\/jucespjundiai.com.br\/novo\/wp-json\/wp\/v2\/pages\/134\/revisions\/137"}],"wp:attachment":[{"href":"https:\/\/jucespjundiai.com.br\/novo\/wp-json\/wp\/v2\/media?parent=134"}],"curies":[{"name":"wp","href":"https:\/\/api.w.org\/{rel}","templated":true}]}}