{"id":139,"date":"2022-04-19T17:09:10","date_gmt":"2022-04-19T17:09:10","guid":{"rendered":"https:\/\/jucespjundiai.com.br\/novo\/?page_id=139"},"modified":"2022-04-19T17:15:11","modified_gmt":"2022-04-19T17:15:11","slug":"manuais-2","status":"publish","type":"page","link":"https:\/\/jucespjundiai.com.br\/novo\/manuais-2\/","title":{"rendered":"Manuais de Registro"},"content":{"rendered":"<p>[et_pb_section fb_built=&#8221;1&#8243; _builder_version=&#8221;4.3.2&#8243; custom_padding=&#8221;4px|||||&#8221;][et_pb_row _builder_version=&#8221;4.3.2&#8243; custom_padding=&#8221;0px||5px|||&#8221;][et_pb_column type=&#8221;4_4&#8243; _builder_version=&#8221;4.3.2&#8243;][et_pb_text _builder_version=&#8221;4.3.2&#8243; background_color=&#8221;#fc962f&#8221; custom_margin=&#8221;-11px||||false|false&#8221; custom_padding=&#8221;14px|||19px|false|false&#8221; hover_enabled=&#8221;0&#8243;]<\/p>\n<h1><em><strong>MANUAIS DE REGISTRO<\/strong><\/em><\/h1>\n<p>[\/et_pb_text][et_pb_text _builder_version=&#8221;4.3.2&#8243; hover_enabled=&#8221;0&#8243;]<\/p>\n<h3 id=\"u1307-2\">Manuais de Registro por Tipo Societ\u00e1rio:<\/h3>\n<h3><\/h3>\n<h3><\/h3>\n<h3 id=\"u1307-7\"><span style=\"color: #e09900;\"><strong><a class=\"nonblock\" href=\"http:\/\/www.jucespjundiai.com.br\/downloads\/manuais\/portaria_12014.pdf\" target=\"_blank\" rel=\"noopener noreferrer\" style=\"color: #e09900;\"><span id=\"u1307-5\">PORTARIA DREI N.\u00ba 1, DE 03.06.2014<\/span><\/a><\/strong><\/span><\/h3>\n<h3><span style=\"color: #e09900;\">\u00a0<\/span><\/h3>\n<h3 id=\"u1307-11\"><span style=\"color: #e09900;\"><strong><a class=\"nonblock\" href=\"http:\/\/www.jucespjundiai.com.br\/downloads\/manuais\/manual_VRE_%20inscricao_empresario.pdf\" target=\"_blank\" rel=\"noopener\" style=\"color: #e09900;\"><span id=\"u1307-9\">Inscri\u00e7\u00e3o &#8211; Empres\u00e1rio Individual<\/span><\/a><\/strong><\/span><\/h3>\n<h3 id=\"u1307-15\"><span style=\"color: #e09900;\"><strong><a class=\"nonblock\" href=\"http:\/\/www.jucespjundiai.com.br\/manuais\/MANUAL_EI.pdf\" target=\"_blank\" rel=\"noopener noreferrer\" style=\"color: #e09900;\"><span id=\"u1307-13\">Manual de Registro &#8211; Empres\u00e1rio Individual<\/span><\/a><\/strong><\/span><\/h3>\n<h3 id=\"u1307-19\"><span style=\"color: #e09900;\"><strong><a class=\"nonblock\" href=\"http:\/\/www.jucespjundiai.com.br\/manuais\/MANUAL_LTDA.pdf\" target=\"_blank\" rel=\"noopener noreferrer\" style=\"color: #e09900;\"><span id=\"u1307-17\">Manual de Registro &#8211; Sociedade Limitada<\/span><\/a><\/strong><\/span><\/h3>\n<h3 id=\"u1307-23\"><span style=\"color: #e09900;\"><strong><a class=\"nonblock\" href=\"http:\/\/www.jucespjundiai.com.br\/manuais\/MANUAL_SA.pdf.pdf\" target=\"_blank\" rel=\"noopener noreferrer\" style=\"color: #e09900;\"><span id=\"u1307-21\">Manual de Registro &#8211; Sociedade An\u00f4nima<\/span><\/a><\/strong><\/span><\/h3>\n<h3 id=\"u1307-27\"><span style=\"color: #e09900;\"><strong><a class=\"nonblock\" href=\"http:\/\/www.jucespjundiai.com.br\/manuaisMANUAL_COOP.pdf\" target=\"_blank\" rel=\"noopener noreferrer\" style=\"color: #e09900;\"><span id=\"u1307-25\">Manual de Registro &#8211; Cooperativa<\/span><\/a><\/strong><\/span><\/h3>\n<p>[\/et_pb_text][\/et_pb_column][\/et_pb_row][\/et_pb_section]<\/p>\n","protected":false},"excerpt":{"rendered":"<p>[et_pb_section fb_built=&#8221;1&#8243; _builder_version=&#8221;4.3.2&#8243; custom_padding=&#8221;4px|||||&#8221;][et_pb_row _builder_version=&#8221;4.3.2&#8243; custom_padding=&#8221;0px||5px|||&#8221;][et_pb_column type=&#8221;4_4&#8243; _builder_version=&#8221;4.3.2&#8243;][et_pb_text _builder_version=&#8221;4.3.2&#8243; background_color=&#8221;#fc962f&#8221; custom_margin=&#8221;-11px||||false|false&#8221; custom_padding=&#8221;14px|||19px|false|false&#8221; hover_enabled=&#8221;0&#8243;] MANUAIS DE REGISTRO [\/et_pb_text][et_pb_text _builder_version=&#8221;4.3.2&#8243; hover_enabled=&#8221;0&#8243;] Manuais de Registro por Tipo Societ\u00e1rio: PORTARIA DREI N.\u00ba 1, DE 03.06.2014 \u00a0 Inscri\u00e7\u00e3o &#8211; Empres\u00e1rio Individual Manual de Registro &#8211; Empres\u00e1rio Individual Manual de Registro &#8211; Sociedade Limitada Manual de Registro &#8211; Sociedade An\u00f4nima Manual [&hellip;]<\/p>\n","protected":false},"author":1,"featured_media":0,"parent":0,"menu_order":0,"comment_status":"closed","ping_status":"closed","template":"","meta":{"_et_pb_use_builder":"on","_et_pb_old_content":"","_et_gb_content_width":"","footnotes":""},"class_list":["post-139","page","type-page","status-publish","hentry"],"_links":{"self":[{"href":"https:\/\/jucespjundiai.com.br\/novo\/wp-json\/wp\/v2\/pages\/139","targetHints":{"allow":["GET"]}}],"collection":[{"href":"https:\/\/jucespjundiai.com.br\/novo\/wp-json\/wp\/v2\/pages"}],"about":[{"href":"https:\/\/jucespjundiai.com.br\/novo\/wp-json\/wp\/v2\/types\/page"}],"author":[{"embeddable":true,"href":"https:\/\/jucespjundiai.com.br\/novo\/wp-json\/wp\/v2\/users\/1"}],"replies":[{"embeddable":true,"href":"https:\/\/jucespjundiai.com.br\/novo\/wp-json\/wp\/v2\/comments?post=139"}],"version-history":[{"count":3,"href":"https:\/\/jucespjundiai.com.br\/novo\/wp-json\/wp\/v2\/pages\/139\/revisions"}],"predecessor-version":[{"id":143,"href":"https:\/\/jucespjundiai.com.br\/novo\/wp-json\/wp\/v2\/pages\/139\/revisions\/143"}],"wp:attachment":[{"href":"https:\/\/jucespjundiai.com.br\/novo\/wp-json\/wp\/v2\/media?parent=139"}],"curies":[{"name":"wp","href":"https:\/\/api.w.org\/{rel}","templated":true}]}}