{"id":145,"date":"2022-04-19T17:16:05","date_gmt":"2022-04-19T17:16:05","guid":{"rendered":"https:\/\/jucespjundiai.com.br\/novo\/?page_id=145"},"modified":"2022-04-19T17:26:44","modified_gmt":"2022-04-19T17:26:44","slug":"formularios","status":"publish","type":"page","link":"https:\/\/jucespjundiai.com.br\/novo\/formularios\/","title":{"rendered":"Formul\u00e1rios"},"content":{"rendered":"<p>[et_pb_section fb_built=&#8221;1&#8243; _builder_version=&#8221;4.3.2&#8243; custom_padding=&#8221;4px|||||&#8221;][et_pb_row _builder_version=&#8221;4.3.2&#8243; custom_padding=&#8221;0px||5px|||&#8221;][et_pb_column type=&#8221;4_4&#8243; _builder_version=&#8221;4.3.2&#8243;][et_pb_text _builder_version=&#8221;4.3.2&#8243; background_color=&#8221;#fc962f&#8221; custom_margin=&#8221;-11px||||false|false&#8221; custom_padding=&#8221;14px|||19px|false|false&#8221; hover_enabled=&#8221;0&#8243;]<\/p>\n<h1><em><strong>FORMUL\u00c1RIOS ONLINE<\/strong><\/em><\/h1>\n<p>[\/et_pb_text][\/et_pb_column][\/et_pb_row][et_pb_row _builder_version=&#8221;4.3.2&#8243; column_structure=&#8221;1_2,1_2&#8243; hover_enabled=&#8221;0&#8243; background_color=&#8221;rgba(0,0,0,0)&#8221; custom_padding=&#8221;16px|||||&#8221;][et_pb_column _builder_version=&#8221;4.3.2&#8243; type=&#8221;1_2&#8243; background_color=&#8221;rgba(0,0,0,0.1)&#8221; hover_enabled=&#8221;0&#8243; border_width_bottom=&#8221;8px&#8221; border_color_bottom=&#8221;#e09900&#8243;][et_pb_text _builder_version=&#8221;4.3.2&#8243; header_text_color=&#8221;#ffffff&#8221; background_color=&#8221;#494949&#8243; hover_enabled=&#8221;0&#8243; header_3_text_color=&#8221;#ffffff&#8221; custom_margin=&#8221;0px||||false|false&#8221; custom_padding=&#8221;10px|||20px|false|false&#8221;]<\/p>\n<h3><strong>Busca de Nome\/NIRE<\/strong><\/h3>\n<p>[\/et_pb_text][et_pb_text _builder_version=&#8221;4.3.2&#8243; hover_enabled=&#8221;0&#8243; custom_margin=&#8221;||100px|||&#8221; custom_padding=&#8221;|||20px|false|false&#8221;]<\/p>\n<h5><a class=\"nonblock\" href=\"http:\/\/www.institucional.jucesp.sp.gov.br\/downloads\/ficha_cadastral_busca_nire.pdf\" target=\"_blank\" rel=\"noopener noreferrer\">Formul\u00e1rio em formato PDF<\/a><\/h5>\n<p>[\/et_pb_text][\/et_pb_column][et_pb_column _builder_version=&#8221;4.3.2&#8243; type=&#8221;1_2&#8243; background_color=&#8221;rgba(0,0,0,0.1)&#8221; border_width_bottom=&#8221;8px&#8221; border_color_bottom=&#8221;#e09900&#8243; hover_enabled=&#8221;0&#8243;][et_pb_text _builder_version=&#8221;4.3.2&#8243; header_text_color=&#8221;#ffffff&#8221; background_color=&#8221;#494949&#8243; hover_enabled=&#8221;0&#8243; header_3_text_color=&#8221;#ffffff&#8221; custom_margin=&#8221;0px||||false|false&#8221; custom_padding=&#8221;10px|||20px|false|false&#8221;]<\/p>\n<h3><strong>Processos Espec\u00edficos<\/strong><\/h3>\n<p>[\/et_pb_text][et_pb_text _builder_version=&#8221;4.3.2&#8243; custom_padding=&#8221;|||20px|false|false&#8221; hover_enabled=&#8221;0&#8243; custom_margin=&#8221;||32px|||&#8221;]<\/p>\n<h5><a class=\"nonblock\" href=\"http:\/\/www.jucespjundiai.com.br\/downloads\/formularios\/processoes_especificos.pdf\" target=\"_blank\" rel=\"noopener\">Formul\u00e1rio padr\u00e3o (capa marrom)<\/a><\/h5>\n<h5>\u00a0<\/h5>\n<h5><a class=\"nonblock\" href=\"http:\/\/www.institucional.jucesp.sp.gov.br\/downloads\/processos_especificos_informe_capa-marrom.pdf\" target=\"_blank\" rel=\"noopener\">Informativo sobre novos atos dispon\u00edveis no VRE (capa marrom)<\/a><\/h5>\n<p>[\/et_pb_text][\/et_pb_column][\/et_pb_row][et_pb_row _builder_version=&#8221;4.3.2&#8243; column_structure=&#8221;1_2,1_2&#8243; hover_enabled=&#8221;0&#8243; background_color=&#8221;rgba(0,0,0,0)&#8221; custom_padding=&#8221;16px|||||&#8221;][et_pb_column _builder_version=&#8221;4.3.2&#8243; type=&#8221;1_2&#8243; background_color=&#8221;rgba(0,0,0,0.1)&#8221; hover_enabled=&#8221;0&#8243; border_width_bottom=&#8221;8px&#8221; border_color_bottom=&#8221;#e09900&#8243;][et_pb_text _builder_version=&#8221;4.3.2&#8243; header_text_color=&#8221;#ffffff&#8221; background_color=&#8221;#494949&#8243; hover_enabled=&#8221;0&#8243; header_3_text_color=&#8221;#ffffff&#8221; custom_margin=&#8221;0px||||false|false&#8221; custom_padding=&#8221;10px|||20px|false|false&#8221;]<\/p>\n<h3><strong>Certid\u00f5es<\/strong><\/h3>\n<p>[\/et_pb_text][et_pb_text _builder_version=&#8221;4.3.2&#8243; hover_enabled=&#8221;0&#8243; custom_margin=&#8221;||10px|||&#8221; custom_padding=&#8221;|||20px|false|false&#8221;]<\/p>\n<h5><a class=\"nonblock\" href=\"http:\/\/www.institucional.jucesp.sp.gov.br\/downloads\/certidao_especifica.pdf\" target=\"_blank\" rel=\"noopener\">Formul\u00e1rio Certid\u00e3o Espec\u00edfica<\/a><\/h5>\n<h5>\u00a0<\/h5>\n<h5><a class=\"nonblock\" href=\"http:\/\/www.institucional.jucesp.sp.gov.br\/downloads\/certidao_simplificada.pdf\" target=\"_blank\" rel=\"noopener\">Formul\u00e1rio Certid\u00e3o Simplificada<\/a><\/h5>\n<h5>\u00a0<\/h5>\n<h5><a class=\"nonblock\" href=\"http:\/\/www.institucional.jucesp.sp.gov.br\/downloads\/certidao_negativa.pdf\" target=\"_blank\" rel=\"noopener\">Formul\u00e1rio Certid\u00e3o Espec\u00edfica Negativa<\/a><\/h5>\n<h5>\u00a0<\/h5>\n<h5><a class=\"nonblock\" href=\"http:\/\/www.institucional.jucesp.sp.gov.br\/downloads\/certidao_especifica2_tradutor.pdf\" target=\"_blank\" rel=\"noopener\">Armaz\u00e9m \/ Leiloeiro \/ Tradutor<\/a><\/h5>\n<p>[\/et_pb_text][\/et_pb_column][et_pb_column _builder_version=&#8221;4.3.2&#8243; type=&#8221;1_2&#8243; background_color=&#8221;rgba(0,0,0,0.1)&#8221; border_width_bottom=&#8221;8px&#8221; border_color_bottom=&#8221;#e09900&#8243; hover_enabled=&#8221;0&#8243;][et_pb_text _builder_version=&#8221;4.3.2&#8243; header_text_color=&#8221;#ffffff&#8221; background_color=&#8221;#494949&#8243; hover_enabled=&#8221;0&#8243; header_3_text_color=&#8221;#ffffff&#8221; custom_margin=&#8221;0px||||false|false&#8221; custom_padding=&#8221;10px|||20px|false|false&#8221;]<\/p>\n<h3><strong>Ficha Cadastral \/ FBR<\/strong><\/h3>\n<p>[\/et_pb_text][et_pb_text _builder_version=&#8221;4.3.2&#8243; custom_padding=&#8221;||0px|20px|false|false&#8221; hover_enabled=&#8221;0&#8243; custom_margin=&#8221;||166px|||&#8221;]<\/p>\n<h5><a class=\"nonblock\" href=\"http:\/\/www.institucional.jucesp.sp.gov.br\/downloads\/NOVA_FC2.pdf\" target=\"_blank\" rel=\"noopener\">Formul\u00e1rio em formato PDF<\/a><\/h5>\n<p>[\/et_pb_text][\/et_pb_column][\/et_pb_row][et_pb_row _builder_version=&#8221;4.3.2&#8243; column_structure=&#8221;1_2,1_2&#8243; hover_enabled=&#8221;0&#8243; background_color=&#8221;rgba(0,0,0,0)&#8221; custom_padding=&#8221;16px|||||&#8221;][et_pb_column _builder_version=&#8221;4.3.2&#8243; type=&#8221;1_2&#8243; background_color=&#8221;rgba(0,0,0,0.1)&#8221; hover_enabled=&#8221;0&#8243; border_width_bottom=&#8221;8px&#8221; border_color_bottom=&#8221;#e09900&#8243;][et_pb_text _builder_version=&#8221;4.3.2&#8243; header_text_color=&#8221;#ffffff&#8221; background_color=&#8221;#494949&#8243; hover_enabled=&#8221;0&#8243; header_3_text_color=&#8221;#ffffff&#8221; custom_margin=&#8221;0px||||false|false&#8221; custom_padding=&#8221;10px|||20px|false|false&#8221;]<\/p>\n<h3><strong>Pedido de Fotoc\u00f3pia<\/strong><\/h3>\n<p>[\/et_pb_text][et_pb_text _builder_version=&#8221;4.3.2&#8243; hover_enabled=&#8221;0&#8243; custom_margin=&#8221;||47px|||&#8221; custom_padding=&#8221;|||20px|false|false&#8221;]<\/p>\n<h5><a class=\"nonblock\" href=\"http:\/\/www.institucional.jucesp.sp.gov.br\/downloads\/fotocopia.pdf\" target=\"_blank\" rel=\"noopener\">Formul\u00e1rio em formato PDF<\/a><\/h5>\n<h5>\u00a0<\/h5>\n<h5><a class=\"nonblock\" href=\"http:\/\/www.institucional.jucesp.sp.gov.br\/downloads\/fotocopia5_leiloeiro.pdf\" target=\"_blank\" rel=\"noopener\">Leiloeiro \/ Tradutor<\/a><\/h5>\n<p>[\/et_pb_text][\/et_pb_column][et_pb_column _builder_version=&#8221;4.3.2&#8243; type=&#8221;1_2&#8243; background_color=&#8221;rgba(0,0,0,0.1)&#8221; border_width_bottom=&#8221;8px&#8221; border_color_bottom=&#8221;#e09900&#8243; hover_enabled=&#8221;0&#8243;][et_pb_text _builder_version=&#8221;4.3.2&#8243; header_text_color=&#8221;#ffffff&#8221; background_color=&#8221;#494949&#8243; hover_enabled=&#8221;0&#8243; header_3_text_color=&#8221;#ffffff&#8221; custom_margin=&#8221;0px||||false|false&#8221; custom_padding=&#8221;10px|||20px|false|false&#8221;]<\/p>\n<h3><strong>Registro de Livros<\/strong><\/h3>\n<p>[\/et_pb_text][et_pb_text _builder_version=&#8221;4.3.2&#8243; custom_padding=&#8221;|||20px|false|false&#8221; hover_enabled=&#8221;0&#8243; custom_margin=&#8221;||31px|||&#8221;]<\/p>\n<h5><a class=\"nonblock\" href=\"http:\/\/www.jucespjundiai.com.br\/downloads\/formularios\/processoes_especificos.pdf\" target=\"_blank\" rel=\"noopener\">Formul\u00e1rio padr\u00e3o (capa marrom)<\/a><\/h5>\n<h5>\u00a0<\/h5>\n<h5><a class=\"nonblock\" href=\"http:\/\/www.institucional.jucesp.sp.gov.br\/downloads\/processos_especificos_informe_capa-marrom.pdf\" target=\"_blank\" rel=\"noopener\">Informativo sobre novos atos dispon\u00edveis no VRE (capa marrom)<\/a><\/h5>\n<p>[\/et_pb_text][\/et_pb_column][\/et_pb_row][\/et_pb_section]<\/p>\n","protected":false},"excerpt":{"rendered":"<p>[et_pb_section fb_built=&#8221;1&#8243; _builder_version=&#8221;4.3.2&#8243; custom_padding=&#8221;4px|||||&#8221;][et_pb_row _builder_version=&#8221;4.3.2&#8243; custom_padding=&#8221;0px||5px|||&#8221;][et_pb_column type=&#8221;4_4&#8243; _builder_version=&#8221;4.3.2&#8243;][et_pb_text _builder_version=&#8221;4.3.2&#8243; background_color=&#8221;#fc962f&#8221; custom_margin=&#8221;-11px||||false|false&#8221; custom_padding=&#8221;14px|||19px|false|false&#8221; hover_enabled=&#8221;0&#8243;] FORMUL\u00c1RIOS ONLINE [\/et_pb_text][\/et_pb_column][\/et_pb_row][et_pb_row _builder_version=&#8221;4.3.2&#8243; column_structure=&#8221;1_2,1_2&#8243; hover_enabled=&#8221;0&#8243; background_color=&#8221;rgba(0,0,0,0)&#8221; custom_padding=&#8221;16px|||||&#8221;][et_pb_column _builder_version=&#8221;4.3.2&#8243; type=&#8221;1_2&#8243; background_color=&#8221;rgba(0,0,0,0.1)&#8221; hover_enabled=&#8221;0&#8243; border_width_bottom=&#8221;8px&#8221; border_color_bottom=&#8221;#e09900&#8243;][et_pb_text _builder_version=&#8221;4.3.2&#8243; header_text_color=&#8221;#ffffff&#8221; background_color=&#8221;#494949&#8243; hover_enabled=&#8221;0&#8243; header_3_text_color=&#8221;#ffffff&#8221; custom_margin=&#8221;0px||||false|false&#8221; custom_padding=&#8221;10px|||20px|false|false&#8221;] Busca de Nome\/NIRE [\/et_pb_text][et_pb_text _builder_version=&#8221;4.3.2&#8243; hover_enabled=&#8221;0&#8243; custom_margin=&#8221;||100px|||&#8221; custom_padding=&#8221;|||20px|false|false&#8221;] Formul\u00e1rio em formato PDF [\/et_pb_text][\/et_pb_column][et_pb_column _builder_version=&#8221;4.3.2&#8243; type=&#8221;1_2&#8243; background_color=&#8221;rgba(0,0,0,0.1)&#8221; border_width_bottom=&#8221;8px&#8221; border_color_bottom=&#8221;#e09900&#8243; hover_enabled=&#8221;0&#8243;][et_pb_text _builder_version=&#8221;4.3.2&#8243; header_text_color=&#8221;#ffffff&#8221; [&hellip;]<\/p>\n","protected":false},"author":1,"featured_media":0,"parent":0,"menu_order":0,"comment_status":"closed","ping_status":"closed","template":"","meta":{"_et_pb_use_builder":"on","_et_pb_old_content":"","_et_gb_content_width":"","footnotes":""},"class_list":["post-145","page","type-page","status-publish","hentry"],"_links":{"self":[{"href":"https:\/\/jucespjundiai.com.br\/novo\/wp-json\/wp\/v2\/pages\/145","targetHints":{"allow":["GET"]}}],"collection":[{"href":"https:\/\/jucespjundiai.com.br\/novo\/wp-json\/wp\/v2\/pages"}],"about":[{"href":"https:\/\/jucespjundiai.com.br\/novo\/wp-json\/wp\/v2\/types\/page"}],"author":[{"embeddable":true,"href":"https:\/\/jucespjundiai.com.br\/novo\/wp-json\/wp\/v2\/users\/1"}],"replies":[{"embeddable":true,"href":"https:\/\/jucespjundiai.com.br\/novo\/wp-json\/wp\/v2\/comments?post=145"}],"version-history":[{"count":3,"href":"https:\/\/jucespjundiai.com.br\/novo\/wp-json\/wp\/v2\/pages\/145\/revisions"}],"predecessor-version":[{"id":149,"href":"https:\/\/jucespjundiai.com.br\/novo\/wp-json\/wp\/v2\/pages\/145\/revisions\/149"}],"wp:attachment":[{"href":"https:\/\/jucespjundiai.com.br\/novo\/wp-json\/wp\/v2\/media?parent=145"}],"curies":[{"name":"wp","href":"https:\/\/api.w.org\/{rel}","templated":true}]}}