{"id":37,"date":"2022-04-18T13:36:43","date_gmt":"2022-04-18T13:36:43","guid":{"rendered":"https:\/\/jucespjundiai.com.br\/novo\/?page_id=37"},"modified":"2024-10-18T13:23:04","modified_gmt":"2024-10-18T13:23:04","slug":"escritorio","status":"publish","type":"page","link":"https:\/\/jucespjundiai.com.br\/novo\/escritorio\/","title":{"rendered":"Escrit\u00f3rio"},"content":{"rendered":"<p>[et_pb_section fb_built=&#8221;1&#8243; _builder_version=&#8221;4.3.2&#8243; custom_padding=&#8221;4px|||||&#8221;][et_pb_row _builder_version=&#8221;4.3.2&#8243; custom_padding=&#8221;0px||5px|||&#8221;][et_pb_column type=&#8221;4_4&#8243; _builder_version=&#8221;4.3.2&#8243;][et_pb_image src=&#8221;https:\/\/jucespjundiai.com.br\/novo\/wp-content\/uploads\/2024\/10\/placa-juju.jpg&#8221; _builder_version=&#8221;4.3.2&#8243; hover_enabled=&#8221;0&#8243;][\/et_pb_image][et_pb_text _builder_version=&#8221;4.3.2&#8243; background_color=&#8221;#fc962f&#8221; custom_margin=&#8221;-11px||||false|false&#8221; custom_padding=&#8221;14px|||19px|false|false&#8221;]<\/p>\n<h1><em><strong>ESCRIT\u00d3RIO<\/strong><\/em><\/h1>\n<p>[\/et_pb_text][et_pb_text _builder_version=&#8221;4.3.2&#8243;]<\/p>\n<p id=\"u628-2\">A Secretaria de Desenvolvimento Econ\u00f4mico, Ci\u00eancia, Tecnologia e Inova\u00e7\u00e3o, representando o Governo do Estado de S\u00e3o Paulo, autoriza a celebra\u00e7\u00e3o de conv\u00eanios com entidades sem fins lucrativos, tendo por objetivo a desconcentra\u00e7\u00e3o e o aprimoramento dos servi\u00e7os prestados pela Jucesp (Junta Comercial do Estado de S\u00e3o Paulo).<\/p>\n<p id=\"u628-3\">\n<p id=\"u628-5\">O empres\u00e1rio da regi\u00e3o que pretende abrir sua pr\u00f3pria empresa, optando por utilizar os servi\u00e7os oferecidos pelo Escrit\u00f3rio Regional de Jundia\u00ed, poder\u00e1 promover o encaminhamento de seu pedido de abertura em sua pr\u00f3pria cidade. Trata-se de uma vantagem econ\u00f4mica, fruto do conv\u00eanio existente entre o Governo do Estado de S\u00e3o Paulo, a Jucesp e a iniciativa privada, que em Jundia\u00ed \u00e9 cuidado pelo Sincomercio Jundia\u00ed (Sindicato do Com\u00e9rcio Varejista de Jundia\u00ed e Regi\u00e3o).<\/p>\n<p>[\/et_pb_text][\/et_pb_column][\/et_pb_row][\/et_pb_section]<\/p>\n","protected":false},"excerpt":{"rendered":"<p>[et_pb_section fb_built=&#8221;1&#8243; _builder_version=&#8221;4.3.2&#8243; custom_padding=&#8221;4px|||||&#8221;][et_pb_row _builder_version=&#8221;4.3.2&#8243; custom_padding=&#8221;0px||5px|||&#8221;][et_pb_column type=&#8221;4_4&#8243; _builder_version=&#8221;4.3.2&#8243;][et_pb_image src=&#8221;https:\/\/jucespjundiai.com.br\/novo\/wp-content\/uploads\/2024\/10\/placa-juju.jpg&#8221; _builder_version=&#8221;4.3.2&#8243; hover_enabled=&#8221;0&#8243;][\/et_pb_image][et_pb_text _builder_version=&#8221;4.3.2&#8243; background_color=&#8221;#fc962f&#8221; custom_margin=&#8221;-11px||||false|false&#8221; custom_padding=&#8221;14px|||19px|false|false&#8221;] ESCRIT\u00d3RIO [\/et_pb_text][et_pb_text _builder_version=&#8221;4.3.2&#8243;] A Secretaria de Desenvolvimento Econ\u00f4mico, Ci\u00eancia, Tecnologia e Inova\u00e7\u00e3o, representando o Governo do Estado de S\u00e3o Paulo, autoriza a celebra\u00e7\u00e3o de conv\u00eanios com entidades sem fins lucrativos, tendo por objetivo a desconcentra\u00e7\u00e3o e o aprimoramento dos servi\u00e7os [&hellip;]<\/p>\n","protected":false},"author":1,"featured_media":0,"parent":0,"menu_order":0,"comment_status":"closed","ping_status":"closed","template":"","meta":{"_et_pb_use_builder":"on","_et_pb_old_content":"","_et_gb_content_width":"","footnotes":""},"class_list":["post-37","page","type-page","status-publish","hentry"],"_links":{"self":[{"href":"https:\/\/jucespjundiai.com.br\/novo\/wp-json\/wp\/v2\/pages\/37","targetHints":{"allow":["GET"]}}],"collection":[{"href":"https:\/\/jucespjundiai.com.br\/novo\/wp-json\/wp\/v2\/pages"}],"about":[{"href":"https:\/\/jucespjundiai.com.br\/novo\/wp-json\/wp\/v2\/types\/page"}],"author":[{"embeddable":true,"href":"https:\/\/jucespjundiai.com.br\/novo\/wp-json\/wp\/v2\/users\/1"}],"replies":[{"embeddable":true,"href":"https:\/\/jucespjundiai.com.br\/novo\/wp-json\/wp\/v2\/comments?post=37"}],"version-history":[{"count":4,"href":"https:\/\/jucespjundiai.com.br\/novo\/wp-json\/wp\/v2\/pages\/37\/revisions"}],"predecessor-version":[{"id":194,"href":"https:\/\/jucespjundiai.com.br\/novo\/wp-json\/wp\/v2\/pages\/37\/revisions\/194"}],"wp:attachment":[{"href":"https:\/\/jucespjundiai.com.br\/novo\/wp-json\/wp\/v2\/media?parent=37"}],"curies":[{"name":"wp","href":"https:\/\/api.w.org\/{rel}","templated":true}]}}