{"id":53,"date":"2022-04-18T14:01:08","date_gmt":"2022-04-18T14:01:08","guid":{"rendered":"https:\/\/jucespjundiai.com.br\/novo\/?page_id=53"},"modified":"2022-04-18T14:05:34","modified_gmt":"2022-04-18T14:05:34","slug":"servicos","status":"publish","type":"page","link":"https:\/\/jucespjundiai.com.br\/novo\/servicos\/","title":{"rendered":"Servi\u00e7os"},"content":{"rendered":"<p>[et_pb_section fb_built=&#8221;1&#8243; _builder_version=&#8221;4.3.2&#8243; custom_padding=&#8221;4px|||||&#8221;][et_pb_row _builder_version=&#8221;4.3.2&#8243; custom_padding=&#8221;0px||5px|||&#8221;][et_pb_column type=&#8221;4_4&#8243; _builder_version=&#8221;4.3.2&#8243;][et_pb_text _builder_version=&#8221;4.3.2&#8243; background_color=&#8221;#fc962f&#8221; custom_margin=&#8221;-11px||||false|false&#8221; custom_padding=&#8221;14px|||19px|false|false&#8221;]<\/p>\n<h1><em><strong>SERVI\u00c7OS<\/strong><\/em><\/h1>\n<p>[\/et_pb_text][\/et_pb_column][\/et_pb_row][et_pb_row _builder_version=&#8221;4.3.2&#8243; custom_padding=&#8221;0px||5px|||&#8221; column_structure=&#8221;2_5,3_5&#8243;][et_pb_column type=&#8221;2_5&#8243; _builder_version=&#8221;4.3.2&#8243;][et_pb_image src=&#8221;https:\/\/jucespjundiai.com.br\/novo\/wp-content\/uploads\/2022\/04\/shutterstock_278780831web.jpg&#8221; _builder_version=&#8221;4.3.2&#8243; hover_enabled=&#8221;0&#8243;][\/et_pb_image][\/et_pb_column][et_pb_column type=&#8221;3_5&#8243; _builder_version=&#8221;4.3.2&#8243;][et_pb_text _builder_version=&#8221;4.3.2&#8243; hover_enabled=&#8221;0&#8243;]<\/p>\n<p>O Escrit\u00f3rio Regional de Jundia\u00ed foi inaugurado em 25 de abril de 2016, e a partir dessa data, o empres\u00e1rio conta com os seguintes servi\u00e7os:<\/p>\n<p>\u00a0<span style=\"font-size: 14px;\">&#8211; receber, protocolar e analisar documentos;<\/span><\/p>\n<p>&#8211; expedir certid\u00f5es simplificadas dos documentos arquivados e fichas cadastrais;<\/p>\n<p>&#8211; proferir decis\u00f5es singulares e proferir ao registro dos documentos deferidos;<\/p>\n<p>&#8211; informar sobre a exist\u00eancia de nomes empresariais id\u00eanticos ou semelhantes;<\/p>\n<p>&#8211; emitir ficha cadastral das empresas registradas na Junta Comercial e encaminhar \u00e0 Jucesp os documentos para an\u00e1lise colegiada e os requerimentos de fotoc\u00f3pia, certid\u00e3o espec\u00edfica e pedido de Ficha de Breve Relato.<\/p>\n<p>[\/et_pb_text][\/et_pb_column][\/et_pb_row][\/et_pb_section]<\/p>\n","protected":false},"excerpt":{"rendered":"<p>[et_pb_section fb_built=&#8221;1&#8243; _builder_version=&#8221;4.3.2&#8243; custom_padding=&#8221;4px|||||&#8221;][et_pb_row _builder_version=&#8221;4.3.2&#8243; custom_padding=&#8221;0px||5px|||&#8221;][et_pb_column type=&#8221;4_4&#8243; _builder_version=&#8221;4.3.2&#8243;][et_pb_text _builder_version=&#8221;4.3.2&#8243; background_color=&#8221;#fc962f&#8221; custom_margin=&#8221;-11px||||false|false&#8221; custom_padding=&#8221;14px|||19px|false|false&#8221;] SERVI\u00c7OS [\/et_pb_text][\/et_pb_column][\/et_pb_row][et_pb_row _builder_version=&#8221;4.3.2&#8243; custom_padding=&#8221;0px||5px|||&#8221; column_structure=&#8221;2_5,3_5&#8243;][et_pb_column type=&#8221;2_5&#8243; _builder_version=&#8221;4.3.2&#8243;][et_pb_image src=&#8221;https:\/\/jucespjundiai.com.br\/novo\/wp-content\/uploads\/2022\/04\/shutterstock_278780831web.jpg&#8221; _builder_version=&#8221;4.3.2&#8243; hover_enabled=&#8221;0&#8243;][\/et_pb_image][\/et_pb_column][et_pb_column type=&#8221;3_5&#8243; _builder_version=&#8221;4.3.2&#8243;][et_pb_text _builder_version=&#8221;4.3.2&#8243; hover_enabled=&#8221;0&#8243;] O Escrit\u00f3rio Regional de Jundia\u00ed foi inaugurado em 25 de abril de 2016, e a partir dessa data, o empres\u00e1rio conta com os seguintes servi\u00e7os: \u00a0&#8211; receber, protocolar e [&hellip;]<\/p>\n","protected":false},"author":1,"featured_media":0,"parent":0,"menu_order":0,"comment_status":"closed","ping_status":"closed","template":"","meta":{"_et_pb_use_builder":"on","_et_pb_old_content":"","_et_gb_content_width":"","footnotes":""},"class_list":["post-53","page","type-page","status-publish","hentry"],"_links":{"self":[{"href":"https:\/\/jucespjundiai.com.br\/novo\/wp-json\/wp\/v2\/pages\/53","targetHints":{"allow":["GET"]}}],"collection":[{"href":"https:\/\/jucespjundiai.com.br\/novo\/wp-json\/wp\/v2\/pages"}],"about":[{"href":"https:\/\/jucespjundiai.com.br\/novo\/wp-json\/wp\/v2\/types\/page"}],"author":[{"embeddable":true,"href":"https:\/\/jucespjundiai.com.br\/novo\/wp-json\/wp\/v2\/users\/1"}],"replies":[{"embeddable":true,"href":"https:\/\/jucespjundiai.com.br\/novo\/wp-json\/wp\/v2\/comments?post=53"}],"version-history":[{"count":3,"href":"https:\/\/jucespjundiai.com.br\/novo\/wp-json\/wp\/v2\/pages\/53\/revisions"}],"predecessor-version":[{"id":57,"href":"https:\/\/jucespjundiai.com.br\/novo\/wp-json\/wp\/v2\/pages\/53\/revisions\/57"}],"wp:attachment":[{"href":"https:\/\/jucespjundiai.com.br\/novo\/wp-json\/wp\/v2\/media?parent=53"}],"curies":[{"name":"wp","href":"https:\/\/api.w.org\/{rel}","templated":true}]}}