{"id":58,"date":"2022-04-18T14:05:55","date_gmt":"2022-04-18T14:05:55","guid":{"rendered":"https:\/\/jucespjundiai.com.br\/novo\/?page_id=58"},"modified":"2023-10-17T17:12:02","modified_gmt":"2023-10-17T17:12:02","slug":"legislacao","status":"publish","type":"page","link":"https:\/\/jucespjundiai.com.br\/novo\/legislacao\/","title":{"rendered":"Legisla\u00e7\u00e3o"},"content":{"rendered":"<p>[et_pb_section fb_built=&#8221;1&#8243; _builder_version=&#8221;4.3.2&#8243; custom_padding=&#8221;24px|||||&#8221;][et_pb_row _builder_version=&#8221;4.3.2&#8243; custom_padding=&#8221;0px||5px|||&#8221;][et_pb_column type=&#8221;4_4&#8243; _builder_version=&#8221;4.3.2&#8243;][et_pb_text _builder_version=&#8221;4.3.2&#8243; background_color=&#8221;#fc962f&#8221; custom_margin=&#8221;-11px||||false|false&#8221; custom_padding=&#8221;16px|||19px|false|false&#8221;]<\/p>\n<h1><em><strong>LEGISLA\u00c7\u00c3O<\/strong><\/em><\/h1>\n<p>[\/et_pb_text][et_pb_text _builder_version=&#8221;4.3.2&#8243;]<\/p>\n<h2 id=\"u1282-2\">Constitui\u00e7\u00e3o Federal<\/h2>\n<p id=\"u1282-6\"><a class=\"nonblock\" href=\"http:\/\/www.planalto.gov.br\/ccivil_03\/Constituicao\/Constituicao.htm\" target=\"_blank\" rel=\"noopener\">CONSTITUI\u00c7\u00c3O DA REP\u00daBLICA FEDERATIVA DO BRASIL DE 1988<\/a><\/p>\n<p>&nbsp;<\/p>\n<h2 id=\"u1282-10\">Leis Complementares<\/h2>\n<p id=\"u1282-14\"><a class=\"nonblock\" href=\"http:\/\/www.planalto.gov.br\/CCIVIL_03\/LEIS\/LCP\/Lcp147.htm\" target=\"_blank\" rel=\"noopener\">Lei Complementar n.\u00ba 147, de 07\/08\/2014<\/a><\/p>\n<p id=\"u1282-16\">Altera a Lei Complementar no 123, de 14 de dezembro de 2006, e as Leis nos 5.889, de 8 de junho de 1973, 11.101, de 9 de fevereiro de 2005, 9.099, de 26 de setembro de 1995, 11.598, de 3 de dezembro de 2007, 8.934, de 18 de novembro de 1994, 10.406, de 10 de janeiro de 2002, e 8.666, de 21 de junho de 1993; e d\u00e1 outras provid\u00eancias.<\/p>\n<p id=\"u1282-20\"><a class=\"nonblock\" href=\"http:\/\/www.planalto.gov.br\/ccivil_03\/Leis\/LCP\/Lcp123.htm\" target=\"_blank\" rel=\"noopener\">Lei Complementar n.\u00ba 123, de 14\/12\/2006<\/a><\/p>\n<p id=\"u1282-22\">Institui o Estatuto Nacional da Microempresa e da Empresa de Pequeno Porte; altera dispositivos das Leis 8.212 e 8.213, ambas de 24\/07\/1991, da Consolida\u00e7\u00e3o das Leis do Trabalho &#8211; CLT, aprovada pelo Decreto-Lei 5.452, de 1\/05\/1943, da Lei 10.189, de 14\/02\/2001, da Lei Complementar 63, de 11\/01\/1990; e revoga as Leis 9.317, de 5\/12\/1996, e 9.841, de 5\/10\/1999.<\/p>\n<p>&nbsp;<\/p>\n<h2 id=\"u1282-26\">Leis Federais<\/h2>\n<h3><a href=\"http:\/\/www.planalto.gov.br\/ccivil_03\/leis\/2002\/l10406.htm\" target=\"_blank\" rel=\"noopener noreferrer\"><strong>C\u00d3DIGO CIVIL (2002)<\/strong><\/a><\/h3>\n<p id=\"u1282-30\"><a class=\"nonblock\" href=\"http:\/\/www.planalto.gov.br\/ccivil_03\/_Ato2011-2014\/2011\/Lei\/L12441.htm\" target=\"_blank\" rel=\"noopener\">Lei n. 12.441, de 11\/07\/2011<\/a><\/p>\n<p id=\"u1282-32\">Altera o C\u00f3digo Civil, para permitir a constitui\u00e7\u00e3o de empresa individual de responsabilidade limitada &#8211; EIRELI.<\/p>\n<p id=\"u1282-36\"><a class=\"nonblock\" href=\"http:\/\/www.planalto.gov.br\/ccivil_03\/_Ato2007-2010\/2007\/Lei\/L11598.htm\" target=\"_blank\" rel=\"noopener\">Lei n.\u00ba 11.598, de 03\/12\/2007<\/a><\/p>\n<p id=\"u1282-38\">Estabelece diretrizes e procedimentos para a simplifica\u00e7\u00e3o e integra\u00e7\u00e3o do processo de registro e legaliza\u00e7\u00e3o de empres\u00e1rios e de pessoas jur\u00eddicas, cria a Rede Nacional para a Simplifica\u00e7\u00e3o do Registro e da Legaliza\u00e7\u00e3o de Empresas e Neg\u00f3cios &#8211; REDESIM; altera a Lei no 8.934, de 18 de novembro de 1994; revoga dispositivos do Decreto-Lei no 1.715, de 22 de novembro de 1979, e das Leis nos 7.711, de 22 de dezembro de 1988, 8.036, de 11 de maio de 1990, 8.212, de 24 de julho de 1991, e 8.906, de 4 de julho de 1994; e d\u00e1 outras provid\u00eancias.<\/p>\n<p id=\"u1282-42\"><a class=\"nonblock\" href=\"http:\/\/www.planalto.gov.br\/ccivil_03\/_Ato2004-2006\/2004\/Lei\/L11079.htm\" target=\"_blank\" rel=\"noopener\">Lei n. 11.079, de 30\/12\/2004<\/a><\/p>\n<p id=\"u1282-44\">Institui normas gerais para licita\u00e7\u00e3o e contrata\u00e7\u00e3o de parceria p\u00fablico-privada no \u00e2mbito da administra\u00e7\u00e3o p\u00fablica.<\/p>\n<p id=\"u1282-48\"><a class=\"nonblock\" href=\"http:\/\/www.planalto.gov.br\/ccivil_03\/Leis\/2002\/L10406.htm\" target=\"_blank\" rel=\"noopener\">Lei n. 10.406, de 10\/01\/2002<\/a><\/p>\n<p id=\"u1282-50\">Institui o C\u00f3digo Civil.<\/p>\n<p id=\"u1282-54\"><a class=\"nonblock\" href=\"http:\/\/www.planalto.gov.br\/ccivil_03\/Leis\/L9613.htm\" target=\"_blank\" rel=\"noopener\">Lei n.\u00ba 9.613, de 03\/03\/1998<\/a><\/p>\n<p id=\"u1282-56\">Disp\u00f5e sobre os crimes de &#8220;lavagem&#8221; ou oculta\u00e7\u00e3o de bens, direitos e valores; a preven\u00e7\u00e3o da utiliza\u00e7\u00e3o do sistema financeiro para os il\u00edcitos previstos nesta<\/p>\n<p id=\"u1282-58\">Lei; cria o Conselho de Controle de Atividades Financeiras &#8211; COAF, e d\u00e1 outras provid\u00eancias.<\/p>\n<p id=\"u1282-62\"><a class=\"nonblock\" href=\"http:\/\/www.planalto.gov.br\/ccivil_03\/Leis\/L8934.htm\" target=\"_blank\" rel=\"noopener\">Lei n. 8.934, de 18\/11\/1994<\/a><\/p>\n<p id=\"u1282-64\">Disp\u00f5e sobre o Registro P\u00fablico de Empresas Mercantis e Atividades Afins e d\u00e1 outras provid\u00eancias.<\/p>\n<p id=\"u1282-68\"><a class=\"nonblock\" href=\"http:\/\/www.planalto.gov.br\/ccivil_03\/Leis\/L6404consol.htm\" target=\"_blank\" rel=\"noopener\">Lei n.\u00ba 6.404, de 15\/12\/1976<\/a><\/p>\n<p id=\"u1282-70\">Disp\u00f5e sobre as Sociedades por A\u00e7\u00f5es.<\/p>\n<p id=\"u1282-74\"><a class=\"nonblock\" href=\"http:\/\/www.planalto.gov.br\/CCIVIL_03\/LEIS\/L6015consolidado.htm\" target=\"_blank\" rel=\"noopener\">Lei n.\u00ba 6.015, de 31\/12\/1973<\/a><\/p>\n<p id=\"u1282-76\">Disp\u00f5e sobre os registros p\u00fablicos, e d\u00e1 outras provid\u00eancias.<\/p>\n<p id=\"u1282-80\"><a class=\"nonblock\" href=\"http:\/\/www.planalto.gov.br\/ccivil_03\/Leis\/L5172.htm\" target=\"_blank\" rel=\"noopener\">Lei n.\u00ba 5.172, de 25\/10\/1966 (C\u00f3digo Tribut\u00e1rio Nacional)<\/a><\/p>\n<p id=\"u1282-82\">Disp\u00f5e sobre o Sistema Tribut\u00e1rio Nacional e institui normas gerais de direito tribut\u00e1rio aplic\u00e1veis \u00e0 Uni\u00e3o, Estados e Munic\u00edpios.<\/p>\n<p>&nbsp;<\/p>\n<h2 id=\"u1282-86\">Decretos Federais<\/h2>\n<p id=\"u1282-91\"><a class=\"nonblock\" href=\"http:\/\/www.planalto.gov.br\/ccivil_03\/decreto\/D1800.htm\" target=\"_blank\" rel=\"noopener\">Decreto n. 1.800, de 30\/01\/1996<\/a><\/p>\n<p id=\"u1282-93\">Regulamenta a Lei n\u00ba 8.934, de 18 de novembro de 1994, que disp\u00f5e sobre o Registro P\u00fablico de Empresas Mercantis e Atividades Afins e d\u00e1 outras provid\u00eancias.<\/p>\n<p id=\"u1282-97\"><a class=\"nonblock\" href=\"http:\/\/www.planalto.gov.br\/ccivil_03\/decreto\/1930-1949\/D21981.htm\" target=\"_blank\" rel=\"noopener\">Decreto n.\u00ba 21.981, de 19\/10\/1932<\/a><\/p>\n<p id=\"u1282-99\">Regula a profiss\u00e3o de Leiloeiro ao territ\u00f3rio da Rep\u00fablica.<\/p>\n<p>&nbsp;<\/p>\n<h2 id=\"u1282-103\">Instru\u00e7\u00f5es Normativas em vigor<\/h2>\n<p><a href=\"https:\/\/www.gov.br\/economia\/pt-br\/assuntos\/drei\/legislacao\/instrucoes-normativas-em-vigor\" target=\"_blank\" rel=\"noopener noreferrer\">INSTRU\u00c7\u00d5ES NORMATIVAS DREI<span style=\"color: #ff9900;\"><\/span><\/a><\/p>\n<h3><strong><\/strong><\/h3>\n<h3 id=\"u1282-215\"><strong>Manuais de Registro<\/strong><\/h3>\n<p id=\"u1282-219\"><a class=\"nonblock\" href=\"http:\/\/www.jucespjundiai.com.br\/downloads\/manuais\/portaria_12014.pdf\" target=\"_blank\" rel=\"noopener\">PORTARIA DREI N.\u00ba 1, DE 03.06.2014<\/a><\/p>\n<p id=\"u1282-223\"><a class=\"nonblock\" href=\"http:\/\/www.jucespjundiai.com.br\/manuais\/MANUAL_EI.pdf\" target=\"_blank\" rel=\"noopener noreferrer\">Manual de Registro &#8211; Empres\u00e1rio Individual<\/a><\/p>\n<p id=\"u1282-227\"><a class=\"nonblock\" href=\"http:\/\/www.jucespjundiai.com.br\/manuais\/MANUAL_LTDA.pdf\" target=\"_blank\" rel=\"noopener noreferrer\">Manual de Registro &#8211; Sociedade Limitada<\/a><\/p>\n<p id=\"u1282-231\"><a class=\"nonblock\" href=\"http:\/\/www.jucespjundiai.com.br\/manuais\/MANUAL_SA.pdf\" target=\"_blank\" rel=\"noopener noreferrer\">Manual de Registro &#8211; Sociedade An\u00f4nima<\/a><\/p>\n<p id=\"u1282-235\"><a class=\"nonblock\" href=\"http:\/\/www.jucespjundiai.com.br\/manuais\/MANUAL_COOP.pdf\" target=\"_blank\" rel=\"noopener noreferrer\">Manual de Registro &#8211; Cooperativa<\/a><\/p>\n<p id=\"u1282-244\"><a class=\"nonblock\" href=\"http:\/\/drei.smpe.gov.br\/legislacao\/instrucoes-normativas\/titulo-menu\/pasta-instrucoes-normativas-em-vigor\/drei-11.pdf\" target=\"_blank\" rel=\"noopener\">INSTRU\u00c7\u00c3O NORMATIVA DREI N\u00ba 11, DE 5 DE DEZEMBRO DE 2013<\/a><\/p>\n<p id=\"u1282-246\">Disp\u00f5e sobre procedimentos para a validade e efic\u00e1cia dos instrumentos de escritura\u00e7\u00e3o dos empres\u00e1rios individuais, das empresas individual de responsabilidade Ltda &#8211; Eireli, das sociedades empres\u00e1rias, das cooperativas, dos cons\u00f3rcios, dos grupos de sociedades, dos leiloeiros, dos tradutores p\u00fablicos e int\u00e9rpretes comerciais.<\/p>\n<p id=\"u1282-248\">* Revoga IN\/DNRC 107\/2008 &#8211; Disp\u00f5e sobre procedimentos para a validade e efic\u00e1cia dos instrumentos de escritura\u00e7\u00e3o dos empres\u00e1rios, sociedades empres\u00e1rias, leiloeiros e tradutores p\u00fablicos e int\u00e9rpretes comerciais.<\/p>\n<p id=\"u1282-252\"><a class=\"nonblock\" href=\"http:\/\/drei.smpe.gov.br\/legislacao\/instrucoes-normativas\/titulo-menu\/pasta-instrucoes-normativas-em-vigor\/drei-12.pdf\" target=\"_blank\" rel=\"noopener\">INSTRU\u00c7\u00c3O NORMATIVA DREI N\u00ba 12, DE 5 DE DEZEMBRO DE 2013<\/a><\/p>\n<p id=\"u1282-254\">Disp\u00f5e sobre os procedimentos de registro e arquivamento digital dos atos que competem, nos termos da legisla\u00e7\u00e3o pertinente, ao Registro P\u00fablico de Empresas Mercantis e Atividades Afins, e d\u00e1 outras provid\u00eancias.<\/p>\n<p id=\"u1282-256\">* Revoga IN\/DNRC 109\/2008 &#8211; Disp\u00f5e sobre os procedimentos de registro e arquivamento digital dos atos que competem, nos termos da legisla\u00e7\u00e3o pertinente, ao Registro P\u00fablico de Empresas Mercantis e Atividades Afins, e d\u00e1 outras provid\u00eancias.<\/p>\n<p id=\"u1282-260\"><a class=\"nonblock\" href=\"http:\/\/drei.smpe.gov.br\/legislacao\/instrucoes-normativas\/titulo-menu\/pasta-instrucoes-normativas-em-vigor\/drei-13.pdf\" target=\"_blank\" rel=\"noopener\">INSTRU\u00c7\u00c3O NORMATIVA DREI N\u00ba 13, DE 5 DE DEZEMBRO DE 2013<\/a><\/p>\n<p id=\"u1282-262\">Disp\u00f5e sobre o exerc\u00edcio da atividade empresarial para os nacionais dos Estados Partes do Mercado Comum do Sul \u2013 Mercosul e Estados Associados, no Territ\u00f3rio Nacional.<\/p>\n<p id=\"u1282-264\">* Revoga IN\/DNRC 111\/2010 &#8211; Disp\u00f5e sobre a implementa\u00e7\u00e3o do Acordo sobre Resid\u00eancia para Nacionais dos Estados Partes do Mercado Comum do Sul \u2013 MERCOSUL, bem como sobre as regras comuns para a autoriza\u00e7\u00e3o de resid\u00eancia aos cidad\u00e3os dos pa\u00edses do Mercosul, Bol\u00edvia e Chile destinadas a avan\u00e7ar no processo de integra\u00e7\u00e3o regional.<\/p>\n<p id=\"u1282-269\"><a class=\"nonblock\" href=\"http:\/\/drei.smpe.gov.br\/legislacao\/instrucoes-normativas\/titulo-menu\/pasta-instrucoes-normativas-em-vigor-04\/in-14-2013-drei-anexo-alterado-pela-27-2014.pdf\" target=\"_blank\" rel=\"noopener\">INSTRU\u00c7\u00c3O NORMATIVA DREI N\u00ba 14, DE 5 DE DEZEMBRO DE 2013<\/a><\/p>\n<p id=\"u1282-271\">Aprova o quadro enumerativo dos atos empresariais sujeitos \u00e0 aprova\u00e7\u00e3o pr\u00e9via de \u00f3rg\u00e3os e entidades governamentais para registro nas Juntas Comerciais e d\u00e1 outras provid\u00eancias.<\/p>\n<p id=\"u1282-273\">* Revoga IN\/DNRC 121\/2012 &#8211; Altera o Anexo da Instru\u00e7\u00e3o Normativa n\u00ba 114, de 30 de setembro de 2011, que \u201cAprova o quadro enumerativo dos atos empresariais sujeitos \u00e0 aprova\u00e7\u00e3o pr\u00e9via de \u00f3rg\u00e3os e entidades governamentais para registro nas Juntas Comerciais e d\u00e1 outras provid\u00eancias\u201d.<\/p>\n<p id=\"u1282-275\">* Alterada pela Instru\u00e7\u00e3o Normativa n\u00ba 27, de 15 de setembro de 2014.<\/p>\n<p id=\"u1282-280\"><a class=\"nonblock\" href=\"http:\/\/drei.smpe.gov.br\/legislacao\/instrucoes-normativas\/titulo-menu\/pasta-instrucoes-normativas-em-vigor\/drei-15.pdf\" target=\"_blank\" rel=\"noopener\">INSTRU\u00c7\u00c3O NORMATIVA DREI N\u00ba 15, DE 5 DE DEZEMBRO DE 2013<\/a><\/p>\n<p id=\"u1282-282\">Disp\u00f5e sobre a forma\u00e7\u00e3o do nome empresarial, sua prote\u00e7\u00e3o e d\u00e1 outras provid\u00eancias.<\/p>\n<p id=\"u1282-284\">* Revoga IN\/DNRC 116\/2011 &#8211; Disp\u00f5e sobre a forma\u00e7\u00e3o do nome empresarial, sua prote\u00e7\u00e3o e d\u00e1 outras provid\u00eancias.<\/p>\n<p id=\"u1282-288\"><a class=\"nonblock\" href=\"http:\/\/drei.smpe.gov.br\/legislacao\/instrucoes-normativas\/titulo-menu\/pasta-instrucoes-normativas-em-vigor\/in_drei-16_2013.pdf\">INSTRU\u00c7\u00c3O NORMATIVA DREI N\u00ba 16, DE 5 DE DEZEMBRO DE 2013<\/a><\/p>\n<p id=\"u1282-290\">Disp\u00f5e sobre a especifica\u00e7\u00e3o de atos integrantes da Tabela de Pre\u00e7os dos Servi\u00e7os prestados pelos \u00f3rg\u00e3os do Sistema Nacional de Registro de Empresas Mercantis &#8211; SINREM, e d\u00e1 outras provid\u00eancias.<\/p>\n<p id=\"u1282-292\">* Revoga IN\/DNRC 119\/2011 &#8211; Disp\u00f5e sobre a especifica\u00e7\u00e3o de atos integrantes da Tabela de Pre\u00e7os dos Servi\u00e7os prestados pelos \u00f3rg\u00e3os do Sistema Nacional de Registro de Empresas Mercantis &#8211; SINREM, e d\u00e1 outras provid\u00eancias.<\/p>\n<p id=\"u1282-296\"><a class=\"nonblock\" href=\"http:\/\/drei.smpe.gov.br\/legislacao\/instrucoes-normativas\/titulo-menu\/pasta-instrucoes-normativas-em-vigor-02-1\/drei-17.pdf\" target=\"_blank\" rel=\"noopener\">INSTRU\u00c7\u00c3O NORMATIVA DREI N\u00ba 17, DE 5 DE DEZEMBRO DE 2013<\/a><\/p>\n<p id=\"u1282-298\">Disp\u00f5e sobre a matr\u00edcula e hip\u00f3teses de seu cancelamento de administradores de armaz\u00e9ns gerais e trapicheiros; a habilita\u00e7\u00e3o, nomea\u00e7\u00e3o e matr\u00edcula e seu cancelamento de Tradutor P\u00fablico e Int\u00e9rprete Comercial; e o processo de concess\u00e3o de matr\u00edcula, seu cancelamento e a fiscaliza\u00e7\u00e3o da atividade de Leiloeiro P\u00fablico Oficial e d\u00e1 outras provid\u00eancias.<\/p>\n<p id=\"u1282-300\">* Revoga a IN\/DNRC 70\/98 &#8211; Disp\u00f5e sobre a matr\u00edcula e hip\u00f3teses de seu cancelamento de administradores de armaz\u00e9ns gerais e trapicheiros, e d\u00e1 outras provid\u00eancias.<\/p>\n<p id=\"u1282-302\">* Revoga IN\/DNRC 113\/2010 &#8211; Disp\u00f5e sobre o processo de concess\u00e3o de matr\u00edcula, seu cancelamento e a fiscaliza\u00e7\u00e3o da atividade de Leiloeiro P\u00fablico Oficial e d\u00e1 outras provid\u00eancias.<\/p>\n<p id=\"u1282-304\">* Revoga IN\/DNRC 120\/2012 &#8211; Altera o \u00a7 5\u00ba do art. 27 da Instru\u00e7\u00e3o Normativa n\u00ba 113, de 28 de abril de 2010, que disp\u00f5e sobre o processo de concess\u00e3o de matr\u00edcula, seu cancelamento e a fiscaliza\u00e7\u00e3o da atividade de Leiloeiro P\u00fablico Oficial e d\u00e1 outras provid\u00eancias.<\/p>\n<p id=\"u1282-308\"><a class=\"nonblock\" href=\"http:\/\/drei.smpe.gov.br\/legislacao\/instrucoes-normativas\/titulo-menu\/pasta-instrucoes-normativas-em-vigor-02-1\/drei-18.pdf\" target=\"_blank\" rel=\"noopener\">INSTRU\u00c7\u00c3O NORMATIVA DREI N\u00ba 18, DE 5 DE DEZEMBRO DE 2013<\/a><\/p>\n<p id=\"u1282-310\">Disp\u00f5e sobre procedimentos no \u00e2mbito do Registro Mercantil decorrentes do processo de inscri\u00e7\u00e3o, altera\u00e7\u00e3o, extin\u00e7\u00e3o, enquadramento e desenquadramento de empres\u00e1rios na condi\u00e7\u00e3o de microempreendedores individuais \u2013 MEIs e d\u00e1 outras provid\u00eancias.<\/p>\n<p id=\"u1282-312\">* Revoga IN\/DNRC 122\/2012 &#8211; Disp\u00f5e sobre procedimentos no \u00e2mbito do Registro Mercantil decorrentes do processo de inscri\u00e7\u00e3o, altera\u00e7\u00e3o, extin\u00e7\u00e3o, enquadramento e desenquadramento de empres\u00e1rios na condi\u00e7\u00e3o de microempreendedores individuais \u2013 MEIs e d\u00e1 outras provid\u00eancias.<\/p>\n<p id=\"u1282-316\"><a class=\"nonblock\" href=\"http:\/\/drei.smpe.gov.br\/legislacao\/instrucoes-normativas\/titulo-menu\/pasta-instrucoes-normativas-em-vigor-02-1\/drei-19.pdf\" target=\"_blank\" rel=\"noopener\">INSTRU\u00c7\u00c3O NORMATIVA DREI N\u00ba 19, DE 5 DE DEZEMBRO DE 2013<\/a><\/p>\n<p id=\"u1282-318\">Disp\u00f5e sobre os atos de constitui\u00e7\u00e3o, altera\u00e7\u00e3o e extin\u00e7\u00e3o de Grupo de Sociedades, bem como os Atos de Constitui\u00e7\u00e3o, Altera\u00e7\u00e3o e Extin\u00e7\u00e3o de Cons\u00f3rcio.<\/p>\n<p id=\"u1282-320\">* Revoga a IN\/DNRC 73\/98 &#8211; Disp\u00f5e sobre os atos de constitui\u00e7\u00e3o, altera\u00e7\u00e3o e extin\u00e7\u00e3o de Grupo de Sociedades.<\/p>\n<p id=\"u1282-324\"><a class=\"nonblock\" href=\"http:\/\/drei.smpe.gov.br\/legislacao\/instrucoes-normativas\/titulo-menu\/pasta-instrucoes-normativas-em-vigor-02-1\/in-drei-20-2013-drei-alterada-pela-in-31-2015.pdf\" target=\"_blank\" rel=\"noopener\">INSTRU\u00c7\u00c3O NORMATIVA DREI N\u00ba 20, DE 5 DE DEZEMBRO DE 2013<\/a><\/p>\n<p id=\"u1282-326\">Disp\u00f5e sobre a expedi\u00e7\u00e3o de certid\u00f5es, a sua utiliza\u00e7\u00e3o em atos de transfer\u00eancia de sede, abertura, altera\u00e7\u00e3o e inscri\u00e7\u00e3o de transfer\u00eancia de filiais, prote\u00e7\u00e3o ao nome empresarial, bem como do Certificado da Condi\u00e7\u00e3o de Microempreendedor Individual \u2013 CCMEI e d\u00e1 outras provid\u00eancias.<\/p>\n<p id=\"u1282-328\">* Revoga IN\/DNRC 123\/2012 &#8211; Disp\u00f5e sobre a expedi\u00e7\u00e3o de certid\u00f5es, a sua utiliza\u00e7\u00e3o em atos de transfer\u00eancia de sede, abertura, altera\u00e7\u00e3o e inscri\u00e7\u00e3o de transfer\u00eancia de filiais, prote\u00e7\u00e3o ao nome empresarial e d\u00e1 outras provid\u00eancias.<\/p>\n<p id=\"u1282-332\"><a class=\"nonblock\" href=\"http:\/\/drei.smpe.gov.br\/legislacao\/instrucoes-normativas\/titulo-menu\/pasta-instrucoes-normativas-em-vigor-03\/in242014a.pdf\" target=\"_blank\" rel=\"noopener\">INSTRU\u00c7\u00c3O NORMATIVA DREI N\u00ba 24, DE 4 DE JUNHO DE 2014<\/a><\/p>\n<p id=\"u1282-334\">Disp\u00f5e sobre o procedimento a ser adotado no \u00e2mbito das Juntas Comerciais para o cumprimento do disposto nos arts. 10 e 11 da Lei n\u00ba 9.613, de 3 de mar\u00e7o de 1998.<\/p>\n<p id=\"u1282-338\"><a class=\"nonblock\" href=\"http:\/\/drei.smpe.gov.br\/legislacao\/instrucoes-normativas\/titulo-menu\/pasta-instrucoes-normativas-em-vigor-04\/in-25-2014-altera-a-in-07-2013.pdf\" target=\"_blank\" rel=\"noopener\">INSTRU\u00c7\u00c3O NORMATIVA DREI N\u00ba 25, DE 10 DE SETEMBRO DE 2014<\/a><\/p>\n<p id=\"u1282-340\">Altera o art. 8\u00ba da Instru\u00e7\u00e3o Normativa n\u00ba 7, de 5 de dezembro de 2013, que disp\u00f5e sobre os pedidos de autoriza\u00e7\u00e3o para nacionaliza\u00e7\u00e3o ou instala\u00e7\u00e3o de filial, ag\u00eancia, sucursal ou estabelecimento no Pa\u00eds, por sociedade empres\u00e1ria estrangeira.<\/p>\n<p id=\"u1282-344\"><a class=\"nonblock\" href=\"http:\/\/drei.smpe.gov.br\/legislacao\/instrucoes-normativas\/titulo-menu\/pasta-instrucoes-normativas-em-vigor-04\/in-26-2014-altera-a-in-10-2013.pdf\" target=\"_blank\" rel=\"noopener\">INSTRU\u00c7\u00c3O NORMATIVA DREI N\u00ba 26, DE 10 DE SETEMBRO DE 2014<\/a><\/p>\n<p id=\"u1282-346\">Altera os Manuais de Registro de Empres\u00e1rio Individual, Sociedade Limitada, Empresa Individual de Responsabilidade Limitada \u2013 EIRELI, Cooperativa e Sociedade An\u00f4nima aprovados pela Instru\u00e7\u00e3o Normativa n\u00ba 10, de 5 de dezembro de 2013.<\/p>\n<p id=\"u1282-350\"><a class=\"nonblock\" href=\"http:\/\/drei.smpe.gov.br\/legislacao\/instrucoes-normativas\/titulo-menu\/pasta-instrucoes-normativas-em-vigor-04\/in-27-2014-altera-o-anexo-da-in-14-2013.pdf\" target=\"_blank\" rel=\"noopener\">INSTRU\u00c7\u00c3O NORMATIVA DREI N\u00ba 27, DE 15 DE SETEMBRO DE 2014<\/a><\/p>\n<p id=\"u1282-352\">Altera o Anexo da Instru\u00e7\u00e3o Normativa n\u00ba 14, de 5 de dezembro de 2013, que \u201cAprova o quadro enumerativo dos atos empresariais sujeitos \u00e0 aprova\u00e7\u00e3o pr\u00e9via de \u00f3rg\u00e3os e entidades governamentais para registro nas Juntas Comerciais e d\u00e1 outras provid\u00eancias\u201d.<\/p>\n<p>&nbsp;<\/p>\n<h2 id=\"u1282-356\">JUCESP &#8211;\u00a0 Portarias<\/h2>\n<p id=\"u1282-364\">\n<p id=\"u1282-368\"><a class=\"nonblock\" href=\"http:\/\/www.jucespjundiai.com.br\/downloads\/manuais\/Portaria_06-2013.pdf\" target=\"_blank\" rel=\"noopener\">Portaria JUCESP N.\u00ba 06, de 11\/03\/2013<\/a><\/p>\n<p id=\"u1282-370\">Disciplina a integra\u00e7\u00e3o do servi\u00e7o p\u00fablico de registro empresarial ao processo do Cadastro Nacional de Pessoa Jur\u00eddica.<\/p>\n<p>&nbsp;<\/p>\n<h2 id=\"u1282-373\">Receita Federal<\/h2>\n<p id=\"u1282-377\"><a class=\"nonblock\" href=\"http:\/\/idg.receita.fazenda.gov.br\/acesso-rapido\/legislacao\" target=\"_blank\" rel=\"noopener\">Cadastro Nacional da Pessoa Jur\u00eddica (CNPJ)<\/a><\/p>\n<p id=\"u1282-379\">Instru\u00e7\u00f5es Normativas \/ Atos Declarat\u00f3rios \/ Portarias \/ Portarias Conjuntas SRF\/SRP<\/p>\n<p>[\/et_pb_text][\/et_pb_column][\/et_pb_row][\/et_pb_section]<\/p>\n","protected":false},"excerpt":{"rendered":"<p>[et_pb_section fb_built=&#8221;1&#8243; _builder_version=&#8221;4.3.2&#8243; custom_padding=&#8221;24px|||||&#8221;][et_pb_row _builder_version=&#8221;4.3.2&#8243; custom_padding=&#8221;0px||5px|||&#8221;][et_pb_column type=&#8221;4_4&#8243; _builder_version=&#8221;4.3.2&#8243;][et_pb_text _builder_version=&#8221;4.3.2&#8243; background_color=&#8221;#fc962f&#8221; custom_margin=&#8221;-11px||||false|false&#8221; custom_padding=&#8221;16px|||19px|false|false&#8221;] LEGISLA\u00c7\u00c3O [\/et_pb_text][et_pb_text _builder_version=&#8221;4.3.2&#8243;] Constitui\u00e7\u00e3o Federal CONSTITUI\u00c7\u00c3O DA REP\u00daBLICA FEDERATIVA DO BRASIL DE 1988 &nbsp; Leis Complementares Lei Complementar n.\u00ba 147, de 07\/08\/2014 Altera a Lei Complementar no 123, de 14 de dezembro de 2006, e as Leis nos 5.889, de 8 de junho [&hellip;]<\/p>\n","protected":false},"author":1,"featured_media":0,"parent":0,"menu_order":0,"comment_status":"closed","ping_status":"closed","template":"","meta":{"_et_pb_use_builder":"on","_et_pb_old_content":"","_et_gb_content_width":"","footnotes":""},"class_list":["post-58","page","type-page","status-publish","hentry"],"_links":{"self":[{"href":"https:\/\/jucespjundiai.com.br\/novo\/wp-json\/wp\/v2\/pages\/58","targetHints":{"allow":["GET"]}}],"collection":[{"href":"https:\/\/jucespjundiai.com.br\/novo\/wp-json\/wp\/v2\/pages"}],"about":[{"href":"https:\/\/jucespjundiai.com.br\/novo\/wp-json\/wp\/v2\/types\/page"}],"author":[{"embeddable":true,"href":"https:\/\/jucespjundiai.com.br\/novo\/wp-json\/wp\/v2\/users\/1"}],"replies":[{"embeddable":true,"href":"https:\/\/jucespjundiai.com.br\/novo\/wp-json\/wp\/v2\/comments?post=58"}],"version-history":[{"count":10,"href":"https:\/\/jucespjundiai.com.br\/novo\/wp-json\/wp\/v2\/pages\/58\/revisions"}],"predecessor-version":[{"id":185,"href":"https:\/\/jucespjundiai.com.br\/novo\/wp-json\/wp\/v2\/pages\/58\/revisions\/185"}],"wp:attachment":[{"href":"https:\/\/jucespjundiai.com.br\/novo\/wp-json\/wp\/v2\/media?parent=58"}],"curies":[{"name":"wp","href":"https:\/\/api.w.org\/{rel}","templated":true}]}}