{"id":68,"date":"2022-04-18T14:14:15","date_gmt":"2022-04-18T14:14:15","guid":{"rendered":"https:\/\/jucespjundiai.com.br\/novo\/?page_id=68"},"modified":"2022-04-19T13:55:48","modified_gmt":"2022-04-19T13:55:48","slug":"modelos","status":"publish","type":"page","link":"https:\/\/jucespjundiai.com.br\/novo\/modelos\/","title":{"rendered":"Modelos"},"content":{"rendered":"<p>[et_pb_section fb_built=&#8221;1&#8243; _builder_version=&#8221;4.3.2&#8243; custom_padding=&#8221;24px|||||&#8221;][et_pb_row _builder_version=&#8221;4.3.2&#8243; custom_padding=&#8221;0px||5px|||&#8221;][et_pb_column type=&#8221;4_4&#8243; _builder_version=&#8221;4.3.2&#8243;][et_pb_text _builder_version=&#8221;4.3.2&#8243; background_color=&#8221;#fc962f&#8221; custom_margin=&#8221;-11px||||false|false&#8221; custom_padding=&#8221;16px|||19px|false|false&#8221; hover_enabled=&#8221;0&#8243;]<\/p>\n<h1><em><strong>MODELOS<\/strong><\/em><\/h1>\n<p>[\/et_pb_text][et_pb_text _builder_version=&#8221;4.3.2&#8243; hover_enabled=&#8221;0&#8243;]<\/p>\n<p><span>Veja aqui os modelos de atas, cartas e documentos referentes aos servi\u00e7os espec\u00edficos.<\/span><\/p>\n<p>[\/et_pb_text][\/et_pb_column][\/et_pb_row][et_pb_row _builder_version=&#8221;4.3.2&#8243; column_structure=&#8221;1_4,1_4,1_4,1_4&#8243;][et_pb_column _builder_version=&#8221;4.3.2&#8243; type=&#8221;1_4&#8243;][et_pb_blurb title=&#8221;Altera\u00e7\u00e3o de Capital&#8221; _builder_version=&#8221;4.3.2&#8243; use_icon=&#8221;on&#8221; font_icon=&#8221;%%233%%&#8221; use_icon_font_size=&#8221;on&#8221; header_text_align=&#8221;center&#8221; icon_font_size=&#8221;90px&#8221; custom_margin=&#8221;0px||||false|false&#8221; url_new_window=&#8221;on&#8221; link_option_url_new_window=&#8221;on&#8221; url=&#8221;https:\/\/www.jucespjundiai.com.br\/downloads\/modelos\/alt_capital.doc&#8221; link_option_url=&#8221;https:\/\/www.jucespjundiai.com.br\/downloads\/modelos\/alt_capital.doc&#8221; hover_enabled=&#8221;0&#8243;][\/et_pb_blurb][\/et_pb_column][et_pb_column _builder_version=&#8221;4.3.2&#8243; type=&#8221;1_4&#8243;][et_pb_blurb title=&#8221;Altera\u00e7\u00e3o LTDA Consolidado&#8221; _builder_version=&#8221;4.3.2&#8243; use_icon=&#8221;on&#8221; font_icon=&#8221;%%233%%&#8221; use_icon_font_size=&#8221;on&#8221; header_text_align=&#8221;center&#8221; icon_font_size=&#8221;90px&#8221; custom_margin=&#8221;0px||||false|false&#8221; url_new_window=&#8221;on&#8221; link_option_url_new_window=&#8221;on&#8221; url=&#8221;https:\/\/www.jucespjundiai.com.br\/downloads\/modelos\/alt_ltda_consolidado.doc&#8221; link_option_url=&#8221;https:\/\/www.jucespjundiai.com.br\/downloads\/modelos\/alt_ltda_consolidado.doc&#8221; hover_enabled=&#8221;0&#8243;][\/et_pb_blurb][\/et_pb_column][et_pb_column _builder_version=&#8221;4.3.2&#8243; type=&#8221;1_4&#8243;][et_pb_blurb title=&#8221;Altera\u00e7\u00e3o LTDA sem Consolida\u00e7\u00e3o&#8221; _builder_version=&#8221;4.3.2&#8243; use_icon=&#8221;on&#8221; font_icon=&#8221;%%233%%&#8221; use_icon_font_size=&#8221;on&#8221; header_text_align=&#8221;center&#8221; icon_font_size=&#8221;90px&#8221; custom_margin=&#8221;0px||||false|false&#8221; url_new_window=&#8221;on&#8221; link_option_url_new_window=&#8221;on&#8221; url=&#8221;https:\/\/www.jucespjundiai.com.br\/downloads\/modelos\/alt_ltda_sem_consolidacao.doc&#8221; link_option_url=&#8221;https:\/\/www.jucespjundiai.com.br\/downloads\/modelos\/alt_ltda_sem_consolidacao.doc&#8221; hover_enabled=&#8221;0&#8243;][\/et_pb_blurb][\/et_pb_column][et_pb_column _builder_version=&#8221;4.3.2&#8243; type=&#8221;1_4&#8243;][et_pb_blurb title=&#8221;Altera\u00e7\u00e3o de Objeto&#8221; _builder_version=&#8221;4.3.2&#8243; use_icon=&#8221;on&#8221; font_icon=&#8221;%%233%%&#8221; use_icon_font_size=&#8221;on&#8221; header_text_align=&#8221;center&#8221; icon_font_size=&#8221;90px&#8221; custom_margin=&#8221;0px||||false|false&#8221; url_new_window=&#8221;on&#8221; link_option_url_new_window=&#8221;on&#8221; url=&#8221;https:\/\/www.jucespjundiai.com.br\/downloads\/modelos\/alt_objeto.doc&#8221; link_option_url=&#8221;https:\/\/www.jucespjundiai.com.br\/downloads\/modelos\/alt_objeto.doc&#8221; hover_enabled=&#8221;0&#8243;][\/et_pb_blurb][\/et_pb_column][\/et_pb_row][et_pb_row _builder_version=&#8221;4.3.2&#8243; column_structure=&#8221;1_4,1_4,1_4,1_4&#8243;][et_pb_column _builder_version=&#8221;4.3.2&#8243; type=&#8221;1_4&#8243;][et_pb_blurb title=&#8221;Ata de Assembleia Geral (altera\u00e7\u00e3o)&#8221; _builder_version=&#8221;4.3.2&#8243; use_icon=&#8221;on&#8221; font_icon=&#8221;%%233%%&#8221; use_icon_font_size=&#8221;on&#8221; header_text_align=&#8221;center&#8221; icon_font_size=&#8221;90px&#8221; custom_margin=&#8221;0px||||false|false&#8221; url_new_window=&#8221;on&#8221; link_option_url_new_window=&#8221;on&#8221; url=&#8221;http:\/\/www.jucespjundiai.com.br\/downloads\/modelos\/ata_assemb_geral.doc&#8221; link_option_url=&#8221;http:\/\/www.jucespjundiai.com.br\/downloads\/modelos\/ata_assemb_geral.doc&#8221; hover_enabled=&#8221;0&#8243;][\/et_pb_blurb][\/et_pb_column][et_pb_column _builder_version=&#8221;4.3.2&#8243; type=&#8221;1_4&#8243;][et_pb_blurb title=&#8221;Ata de Assembleia Geral de Constitui\u00e7\u00e3o de Cooperativa&#8221; _builder_version=&#8221;4.3.2&#8243; use_icon=&#8221;on&#8221; font_icon=&#8221;%%233%%&#8221; use_icon_font_size=&#8221;on&#8221; header_text_align=&#8221;center&#8221; icon_font_size=&#8221;90px&#8221; custom_margin=&#8221;0px||||false|false&#8221; url_new_window=&#8221;on&#8221; link_option_url_new_window=&#8221;on&#8221; url=&#8221;http:\/\/www.jucespjundiai.com.br\/downloads\/modelos\/ata_assemb_coop.doc&#8221; link_option_url=&#8221;http:\/\/www.jucespjundiai.com.br\/downloads\/modelos\/ata_assemb_coop.doc&#8221; hover_enabled=&#8221;0&#8243;][\/et_pb_blurb][\/et_pb_column][et_pb_column _builder_version=&#8221;4.3.2&#8243; type=&#8221;1_4&#8243;][et_pb_blurb title=&#8221;Ata de Assembleia Geral Extraordin\u00e1ria de Liquida\u00e7\u00e3o e Extin\u00e7\u00e3o&#8221; _builder_version=&#8221;4.3.2&#8243; use_icon=&#8221;on&#8221; font_icon=&#8221;%%233%%&#8221; use_icon_font_size=&#8221;on&#8221; header_text_align=&#8221;center&#8221; icon_font_size=&#8221;90px&#8221; custom_margin=&#8221;0px||||false|false&#8221; url_new_window=&#8221;on&#8221; link_option_url_new_window=&#8221;on&#8221; url=&#8221;http:\/\/www.jucespjundiai.com.br\/downloads\/modelos\/ata_assemb_ext_liq.doc&#8221; link_option_url=&#8221;http:\/\/www.jucespjundiai.com.br\/downloads\/modelos\/ata_assemb_ext_liq.doc&#8221; hover_enabled=&#8221;0&#8243;][\/et_pb_blurb][\/et_pb_column][et_pb_column _builder_version=&#8221;4.3.2&#8243; type=&#8221;1_4&#8243;][et_pb_blurb title=&#8221;Ata de Reuni\u00e3o dos S\u00f3cios &#8211; Extin\u00e7\u00e3o&#8221; _builder_version=&#8221;4.3.2&#8243; use_icon=&#8221;on&#8221; font_icon=&#8221;%%233%%&#8221; use_icon_font_size=&#8221;on&#8221; header_text_align=&#8221;center&#8221; icon_font_size=&#8221;90px&#8221; custom_margin=&#8221;0px||||false|false&#8221; url_new_window=&#8221;on&#8221; link_option_url_new_window=&#8221;on&#8221; url=&#8221;http:\/\/www.jucespjundiai.com.br\/downloads\/modelos\/ata_socios_extincao.doc&#8221; link_option_url=&#8221;http:\/\/www.jucespjundiai.com.br\/downloads\/modelos\/ata_socios_extincao.doc&#8221; hover_enabled=&#8221;0&#8243;][\/et_pb_blurb][\/et_pb_column][\/et_pb_row][et_pb_row _builder_version=&#8221;4.3.2&#8243; column_structure=&#8221;1_4,1_4,1_4,1_4&#8243;][et_pb_column _builder_version=&#8221;4.3.2&#8243; type=&#8221;1_4&#8243;][et_pb_blurb title=&#8221;Constitui\u00e7\u00e3o LTDA&#8221; _builder_version=&#8221;4.3.2&#8243; use_icon=&#8221;on&#8221; font_icon=&#8221;%%233%%&#8221; use_icon_font_size=&#8221;on&#8221; header_text_align=&#8221;center&#8221; icon_font_size=&#8221;90px&#8221; custom_margin=&#8221;0px||||false|false&#8221; url_new_window=&#8221;on&#8221; link_option_url_new_window=&#8221;on&#8221; url=&#8221;http:\/\/www.jucespjundiai.com.br\/downloads\/modelos\/constit_ltda.doc&#8221; link_option_url=&#8221;http:\/\/www.jucespjundiai.com.br\/downloads\/modelos\/constit_ltda.doc&#8221; hover_enabled=&#8221;0&#8243;][\/et_pb_blurb][\/et_pb_column][et_pb_column _builder_version=&#8221;4.3.2&#8243; type=&#8221;1_4&#8243;][et_pb_blurb title=&#8221;Constitui\u00e7\u00e3o LTDA por utiliza\u00e7\u00e3o de acervo&#8221; _builder_version=&#8221;4.3.2&#8243; use_icon=&#8221;on&#8221; font_icon=&#8221;%%233%%&#8221; use_icon_font_size=&#8221;on&#8221; header_text_align=&#8221;center&#8221; icon_font_size=&#8221;90px&#8221; custom_margin=&#8221;0px||||false|false&#8221; url_new_window=&#8221;on&#8221; link_option_url_new_window=&#8221;on&#8221; url=&#8221;http:\/\/www.jucespjundiai.com.br\/downloads\/modelos\/constit_ltda_acervo.doc&#8221; link_option_url=&#8221;http:\/\/www.jucespjundiai.com.br\/downloads\/modelos\/constit_ltda_acervo.doc&#8221; hover_enabled=&#8221;0&#8243;][\/et_pb_blurb][\/et_pb_column][et_pb_column _builder_version=&#8221;4.3.2&#8243; type=&#8221;1_4&#8243;][et_pb_blurb title=&#8221;Declara\u00e7\u00e3o de Inatividade &#8211; Empres\u00e1rio EPP&#8221; _builder_version=&#8221;4.3.2&#8243; use_icon=&#8221;on&#8221; font_icon=&#8221;%%233%%&#8221; use_icon_font_size=&#8221;on&#8221; header_text_align=&#8221;center&#8221; icon_font_size=&#8221;90px&#8221; custom_margin=&#8221;0px||||false|false&#8221; url_new_window=&#8221;on&#8221; link_option_url_new_window=&#8221;on&#8221; url=&#8221;http:\/\/www.jucespjundiai.com.br\/downloads\/modelos\/dec_inativ_epp.doc&#8221; link_option_url=&#8221;http:\/\/www.jucespjundiai.com.br\/downloads\/modelos\/dec_inativ_epp.doc&#8221; hover_enabled=&#8221;0&#8243;][\/et_pb_blurb][\/et_pb_column][et_pb_column _builder_version=&#8221;4.3.2&#8243; type=&#8221;1_4&#8243;][et_pb_blurb title=&#8221;Declara\u00e7\u00e3o de Inatividade &#8211; Empres\u00e1rio ME&#8221; _builder_version=&#8221;4.3.2&#8243; use_icon=&#8221;on&#8221; font_icon=&#8221;%%233%%&#8221; use_icon_font_size=&#8221;on&#8221; header_text_align=&#8221;center&#8221; icon_font_size=&#8221;90px&#8221; custom_margin=&#8221;0px||||false|false&#8221; url_new_window=&#8221;on&#8221; link_option_url_new_window=&#8221;on&#8221; url=&#8221;http:\/\/www.jucespjundiai.com.br\/downloads\/modelos\/dec_intativ_me.doc&#8221; link_option_url=&#8221;http:\/\/www.jucespjundiai.com.br\/downloads\/modelos\/dec_intativ_me.doc&#8221; hover_enabled=&#8221;0&#8243;][\/et_pb_blurb][\/et_pb_column][\/et_pb_row][et_pb_row _builder_version=&#8221;4.3.2&#8243; column_structure=&#8221;1_4,1_4,1_4,1_4&#8243;][et_pb_column _builder_version=&#8221;4.3.2&#8243; type=&#8221;1_4&#8243;][et_pb_blurb title=&#8221;Distrato LTDA com Convers\u00e3o&#8221; _builder_version=&#8221;4.3.2&#8243; use_icon=&#8221;on&#8221; font_icon=&#8221;%%233%%&#8221; use_icon_font_size=&#8221;on&#8221; header_text_align=&#8221;center&#8221; icon_font_size=&#8221;90px&#8221; custom_margin=&#8221;0px||||false|false&#8221; url_new_window=&#8221;on&#8221; link_option_url_new_window=&#8221;on&#8221; url=&#8221;http:\/\/www.jucespjundiai.com.br\/downloads\/modelos\/distrato_ltda_conv.doc&#8221; link_option_url=&#8221;http:\/\/www.jucespjundiai.com.br\/downloads\/modelos\/distrato_ltda_conv.doc&#8221; hover_enabled=&#8221;0&#8243;][\/et_pb_blurb][\/et_pb_column][et_pb_column _builder_version=&#8221;4.3.2&#8243; type=&#8221;1_4&#8243;][et_pb_blurb title=&#8221;Distrato LTDA com Inventariante&#8221; _builder_version=&#8221;4.3.2&#8243; use_icon=&#8221;on&#8221; font_icon=&#8221;%%233%%&#8221; use_icon_font_size=&#8221;on&#8221; header_text_align=&#8221;center&#8221; icon_font_size=&#8221;90px&#8221; custom_margin=&#8221;0px||||false|false&#8221; url_new_window=&#8221;on&#8221; link_option_url_new_window=&#8221;on&#8221; url=&#8221;http:\/\/www.jucespjundiai.com.br\/downloads\/modelos\/distrato_ltda_invent.doc&#8221; link_option_url=&#8221;http:\/\/www.jucespjundiai.com.br\/downloads\/modelos\/distrato_ltda_invent.doc&#8221; hover_enabled=&#8221;0&#8243;][\/et_pb_blurb][\/et_pb_column][et_pb_column _builder_version=&#8221;4.3.2&#8243; type=&#8221;1_4&#8243;][et_pb_blurb title=&#8221;Edital de Convoca\u00e7\u00e3o Cooperativa&#8221; _builder_version=&#8221;4.3.2&#8243; use_icon=&#8221;on&#8221; font_icon=&#8221;%%233%%&#8221; use_icon_font_size=&#8221;on&#8221; header_text_align=&#8221;center&#8221; icon_font_size=&#8221;90px&#8221; custom_margin=&#8221;0px||||false|false&#8221; url_new_window=&#8221;on&#8221; link_option_url_new_window=&#8221;on&#8221; url=&#8221;http:\/\/www.jucespjundiai.com.br\/downloads\/modelos\/edital_conv_coop.doc&#8221; link_option_url=&#8221;http:\/\/www.jucespjundiai.com.br\/downloads\/modelos\/edital_conv_coop.doc&#8221; hover_enabled=&#8221;0&#8243;][\/et_pb_blurb][\/et_pb_column][et_pb_column _builder_version=&#8221;4.3.2&#8243; type=&#8221;1_4&#8243;][et_pb_blurb title=&#8221;Estatuto&#8221; _builder_version=&#8221;4.3.2&#8243; use_icon=&#8221;on&#8221; font_icon=&#8221;%%233%%&#8221; use_icon_font_size=&#8221;on&#8221; header_text_align=&#8221;center&#8221; icon_font_size=&#8221;90px&#8221; custom_margin=&#8221;0px||||false|false&#8221; url_new_window=&#8221;on&#8221; link_option_url_new_window=&#8221;on&#8221; url=&#8221;http:\/\/www.jucespjundiai.com.br\/downloads\/modelos\/Estatuto.doc&#8221; link_option_url=&#8221;http:\/\/www.jucespjundiai.com.br\/downloads\/modelos\/Estatuto.doc&#8221; hover_enabled=&#8221;0&#8243;][\/et_pb_blurb][\/et_pb_column][\/et_pb_row][et_pb_row _builder_version=&#8221;4.3.2&#8243; column_structure=&#8221;1_4,1_4,1_4,1_4&#8243;][et_pb_column _builder_version=&#8221;4.3.2&#8243; type=&#8221;1_4&#8243;][et_pb_blurb title=&#8221;Formal de Partilha&#8221; _builder_version=&#8221;4.3.2&#8243; use_icon=&#8221;on&#8221; font_icon=&#8221;%%233%%&#8221; use_icon_font_size=&#8221;on&#8221; header_text_align=&#8221;center&#8221; icon_font_size=&#8221;90px&#8221; custom_margin=&#8221;0px||||false|false&#8221; url_new_window=&#8221;on&#8221; link_option_url_new_window=&#8221;on&#8221; url=&#8221;http:\/\/www.jucespjundiai.com.br\/downloads\/modelos\/formal_partilha.doc&#8221; link_option_url=&#8221;http:\/\/www.jucespjundiai.com.br\/downloads\/modelos\/formal_partilha.doc&#8221; hover_enabled=&#8221;0&#8243;][\/et_pb_blurb][\/et_pb_column][et_pb_column _builder_version=&#8221;4.3.2&#8243; type=&#8221;1_4&#8243;][et_pb_blurb title=&#8221;Sociedade Unipessoal&#8221; _builder_version=&#8221;4.3.2&#8243; use_icon=&#8221;on&#8221; font_icon=&#8221;%%233%%&#8221; use_icon_font_size=&#8221;on&#8221; header_text_align=&#8221;center&#8221; icon_font_size=&#8221;90px&#8221; custom_margin=&#8221;0px||||false|false&#8221; url_new_window=&#8221;on&#8221; link_option_url_new_window=&#8221;on&#8221; url=&#8221;http:\/\/www.jucespjundiai.com.br\/downloads\/modelos\/soc_unipessoal.doc&#8221; link_option_url=&#8221;http:\/\/www.jucespjundiai.com.br\/downloads\/modelos\/soc_unipessoal.doc&#8221; hover_enabled=&#8221;0&#8243;][\/et_pb_blurb][\/et_pb_column][et_pb_column _builder_version=&#8221;4.3.2&#8243; type=&#8221;1_4&#8243;][et_pb_blurb title=&#8221;Transforma\u00e7\u00e3o EIRELI em Empres\u00e1rio&#8221; _builder_version=&#8221;4.3.2&#8243; use_icon=&#8221;on&#8221; font_icon=&#8221;%%233%%&#8221; use_icon_font_size=&#8221;on&#8221; header_text_align=&#8221;center&#8221; icon_font_size=&#8221;90px&#8221; custom_margin=&#8221;0px||||false|false&#8221; url_new_window=&#8221;on&#8221; link_option_url_new_window=&#8221;on&#8221; url=&#8221;http:\/\/www.jucespjundiai.com.br\/downloads\/modelos\/transf_eireli_emp.doc&#8221; link_option_url=&#8221;http:\/\/www.jucespjundiai.com.br\/downloads\/modelos\/transf_eireli_emp.doc&#8221; hover_enabled=&#8221;0&#8243;][\/et_pb_blurb][\/et_pb_column][et_pb_column _builder_version=&#8221;4.3.2&#8243; type=&#8221;1_4&#8243;][et_pb_blurb title=&#8221;Estatuto&#8221; _builder_version=&#8221;4.3.2&#8243; use_icon=&#8221;on&#8221; font_icon=&#8221;%%233%%&#8221; use_icon_font_size=&#8221;on&#8221; header_text_align=&#8221;center&#8221; icon_font_size=&#8221;90px&#8221; custom_margin=&#8221;0px||||false|false&#8221; url_new_window=&#8221;on&#8221; link_option_url_new_window=&#8221;on&#8221; url=&#8221;http:\/\/www.jucespjundiai.com.br\/downloads\/modelos\/Estatuto.doc&#8221; link_option_url=&#8221;http:\/\/www.jucespjundiai.com.br\/downloads\/modelos\/Estatuto.doc&#8221; hover_enabled=&#8221;0&#8243;][\/et_pb_blurb][\/et_pb_column][\/et_pb_row][et_pb_row _builder_version=&#8221;4.3.2&#8243; column_structure=&#8221;1_4,1_4,1_4,1_4&#8243;][et_pb_column _builder_version=&#8221;4.3.2&#8243; type=&#8221;1_4&#8243;][et_pb_blurb title=&#8221;Transforma\u00e7\u00e3o LTDA em Empres\u00e1rio Individual&#8221; _builder_version=&#8221;4.3.2&#8243; use_icon=&#8221;on&#8221; font_icon=&#8221;%%233%%&#8221; use_icon_font_size=&#8221;on&#8221; header_text_align=&#8221;center&#8221; icon_font_size=&#8221;90px&#8221; custom_margin=&#8221;0px||||false|false&#8221; url_new_window=&#8221;on&#8221; link_option_url_new_window=&#8221;on&#8221; url=&#8221;http:\/\/www.jucespjundiai.com.br\/downloads\/modelos\/transf_ltda_mei.doc&#8221; link_option_url=&#8221;http:\/\/www.jucespjundiai.com.br\/downloads\/modelos\/transf_ltda_mei.doc&#8221; hover_enabled=&#8221;0&#8243;][\/et_pb_blurb][\/et_pb_column][et_pb_column _builder_version=&#8221;4.3.2&#8243; type=&#8221;1_4&#8243;][et_pb_blurb title=&#8221;Transforma\u00e7\u00e3o LTDA em Sociedade An\u00f4nima&#8221; _builder_version=&#8221;4.3.2&#8243; use_icon=&#8221;on&#8221; font_icon=&#8221;%%233%%&#8221; use_icon_font_size=&#8221;on&#8221; header_text_align=&#8221;center&#8221; icon_font_size=&#8221;90px&#8221; custom_margin=&#8221;0px||||false|false&#8221; url_new_window=&#8221;on&#8221; link_option_url_new_window=&#8221;on&#8221; url=&#8221;http:\/\/www.jucespjundiai.com.br\/downloads\/modelos\/transf_ltda_sa.doc&#8221; link_option_url=&#8221;http:\/\/www.jucespjundiai.com.br\/downloads\/modelos\/transf_ltda_sa.doc&#8221; hover_enabled=&#8221;0&#8243;][\/et_pb_blurb][\/et_pb_column][et_pb_column _builder_version=&#8221;4.3.2&#8243; type=&#8221;1_4&#8243;][et_pb_blurb title=&#8221;Transforma\u00e7\u00e3o Sociedade Civil em Empresarial&#8221; _builder_version=&#8221;4.3.2&#8243; use_icon=&#8221;on&#8221; font_icon=&#8221;%%233%%&#8221; use_icon_font_size=&#8221;on&#8221; header_text_align=&#8221;center&#8221; icon_font_size=&#8221;90px&#8221; custom_margin=&#8221;0px||||false|false&#8221; url_new_window=&#8221;on&#8221; link_option_url_new_window=&#8221;on&#8221; url=&#8221;http:\/\/www.jucespjundiai.com.br\/downloads\/modelos\/transf_sc_emp.doc&#8221; link_option_url=&#8221;http:\/\/www.jucespjundiai.com.br\/downloads\/modelos\/transf_sc_emp.doc&#8221; hover_enabled=&#8221;0&#8243;][\/et_pb_blurb][\/et_pb_column][et_pb_column _builder_version=&#8221;4.3.2&#8243; type=&#8221;1_4&#8243;][et_pb_blurb title=&#8221;Transforma\u00e7\u00e3o EIRELI em LTDA&#8221; _builder_version=&#8221;4.3.2&#8243; use_icon=&#8221;on&#8221; font_icon=&#8221;%%233%%&#8221; use_icon_font_size=&#8221;on&#8221; header_text_align=&#8221;center&#8221; icon_font_size=&#8221;90px&#8221; custom_margin=&#8221;0px||||false|false&#8221; url_new_window=&#8221;on&#8221; link_option_url_new_window=&#8221;on&#8221; url=&#8221;http:\/\/www.jucespjundiai.com.br\/downloads\/modelos\/transf_eireli_ltda.doc&#8221; link_option_url=&#8221;http:\/\/www.jucespjundiai.com.br\/downloads\/modelos\/transf_eireli_ltda.doc&#8221; hover_enabled=&#8221;0&#8243;][\/et_pb_blurb][\/et_pb_column][\/et_pb_row][et_pb_row _builder_version=&#8221;4.3.2&#8243; column_structure=&#8221;1_4,1_4,1_4,1_4&#8243; custom_margin=&#8221;|auto|124px|auto||&#8221;][et_pb_column _builder_version=&#8221;4.3.2&#8243; type=&#8221;1_4&#8243;][et_pb_blurb title=&#8221;Ata de Assembleia Reuni\u00e3o dos S\u00f3cios&#8221; _builder_version=&#8221;4.3.2&#8243; use_icon=&#8221;on&#8221; font_icon=&#8221;%%233%%&#8221; use_icon_font_size=&#8221;on&#8221; header_text_align=&#8221;center&#8221; icon_font_size=&#8221;90px&#8221; custom_margin=&#8221;0px||||false|false&#8221; url_new_window=&#8221;on&#8221; link_option_url_new_window=&#8221;on&#8221; url=&#8221;https:\/\/www.jucespjundiai.com.br\/downloads\/modelos\/alta_assemb_socios.doc&#8221; link_option_url=&#8221;https:\/\/www.jucespjundiai.com.br\/downloads\/modelos\/alta_assemb_socios.doc&#8221; hover_enabled=&#8221;0&#8243;][\/et_pb_blurb][\/et_pb_column][et_pb_column _builder_version=&#8221;4.3.2&#8243; type=&#8221;1_4&#8243;][et_pb_blurb title=&#8221;Carta MEI&#8221; _builder_version=&#8221;4.3.2&#8243; use_icon=&#8221;on&#8221; font_icon=&#8221;%%233%%&#8221; use_icon_font_size=&#8221;on&#8221; header_text_align=&#8221;center&#8221; icon_font_size=&#8221;90px&#8221; custom_margin=&#8221;0px||||false|false&#8221; url_new_window=&#8221;on&#8221; link_option_url_new_window=&#8221;on&#8221; url=&#8221;http:\/\/www.jucespjundiai.com.br\/downloads\/modelos\/carta_mei.doc&#8221; link_option_url=&#8221;http:\/\/www.jucespjundiai.com.br\/downloads\/modelos\/carta_mei.doc&#8221; hover_enabled=&#8221;0&#8243;][\/et_pb_blurb][\/et_pb_column][et_pb_column _builder_version=&#8221;4.3.2&#8243; type=&#8221;1_4&#8243;][et_pb_blurb title=&#8221;Distrato LTDA&#8221; _builder_version=&#8221;4.3.2&#8243; use_icon=&#8221;on&#8221; font_icon=&#8221;%%233%%&#8221; use_icon_font_size=&#8221;on&#8221; header_text_align=&#8221;center&#8221; icon_font_size=&#8221;90px&#8221; custom_margin=&#8221;0px||||false|false&#8221; url_new_window=&#8221;on&#8221; link_option_url_new_window=&#8221;on&#8221; url=&#8221;http:\/\/www.jucespjundiai.com.br\/downloads\/modelos\/distrato_ltda.doc&#8221; link_option_url=&#8221;http:\/\/www.jucespjundiai.com.br\/downloads\/modelos\/distrato_ltda.doc&#8221; hover_enabled=&#8221;0&#8243;][\/et_pb_blurb][\/et_pb_column][et_pb_column _builder_version=&#8221;4.3.2&#8243; type=&#8221;1_4&#8243;][et_pb_blurb title=&#8221;Transforma\u00e7\u00e3o Empres\u00e1rio em LTDA&#8221; _builder_version=&#8221;4.3.2&#8243; use_icon=&#8221;on&#8221; font_icon=&#8221;%%233%%&#8221; use_icon_font_size=&#8221;on&#8221; header_text_align=&#8221;center&#8221; icon_font_size=&#8221;90px&#8221; custom_margin=&#8221;0px||||false|false&#8221; url_new_window=&#8221;on&#8221; link_option_url_new_window=&#8221;on&#8221; url=&#8221;http:\/\/www.jucespjundiai.com.br\/downloads\/modelos\/transf_emp_ltda.doc&#8221; link_option_url=&#8221;http:\/\/www.jucespjundiai.com.br\/downloads\/modelos\/transf_emp_ltda.doc&#8221; hover_enabled=&#8221;0&#8243;][\/et_pb_blurb][\/et_pb_column][\/et_pb_row][\/et_pb_section]<\/p>\n","protected":false},"excerpt":{"rendered":"<p>[et_pb_section fb_built=&#8221;1&#8243; _builder_version=&#8221;4.3.2&#8243; custom_padding=&#8221;24px|||||&#8221;][et_pb_row _builder_version=&#8221;4.3.2&#8243; custom_padding=&#8221;0px||5px|||&#8221;][et_pb_column type=&#8221;4_4&#8243; _builder_version=&#8221;4.3.2&#8243;][et_pb_text _builder_version=&#8221;4.3.2&#8243; background_color=&#8221;#fc962f&#8221; custom_margin=&#8221;-11px||||false|false&#8221; custom_padding=&#8221;16px|||19px|false|false&#8221; hover_enabled=&#8221;0&#8243;] MODELOS [\/et_pb_text][et_pb_text _builder_version=&#8221;4.3.2&#8243; hover_enabled=&#8221;0&#8243;] Veja aqui os modelos de atas, cartas e documentos referentes aos servi\u00e7os espec\u00edficos. [\/et_pb_text][\/et_pb_column][\/et_pb_row][et_pb_row _builder_version=&#8221;4.3.2&#8243; column_structure=&#8221;1_4,1_4,1_4,1_4&#8243;][et_pb_column _builder_version=&#8221;4.3.2&#8243; type=&#8221;1_4&#8243;][et_pb_blurb title=&#8221;Altera\u00e7\u00e3o de Capital&#8221; _builder_version=&#8221;4.3.2&#8243; use_icon=&#8221;on&#8221; font_icon=&#8221;%%233%%&#8221; use_icon_font_size=&#8221;on&#8221; header_text_align=&#8221;center&#8221; icon_font_size=&#8221;90px&#8221; custom_margin=&#8221;0px||||false|false&#8221; url_new_window=&#8221;on&#8221; link_option_url_new_window=&#8221;on&#8221; url=&#8221;https:\/\/www.jucespjundiai.com.br\/downloads\/modelos\/alt_capital.doc&#8221; link_option_url=&#8221;https:\/\/www.jucespjundiai.com.br\/downloads\/modelos\/alt_capital.doc&#8221; hover_enabled=&#8221;0&#8243;][\/et_pb_blurb][\/et_pb_column][et_pb_column _builder_version=&#8221;4.3.2&#8243; type=&#8221;1_4&#8243;][et_pb_blurb title=&#8221;Altera\u00e7\u00e3o LTDA Consolidado&#8221; [&hellip;]<\/p>\n","protected":false},"author":1,"featured_media":0,"parent":0,"menu_order":0,"comment_status":"closed","ping_status":"closed","template":"","meta":{"_et_pb_use_builder":"on","_et_pb_old_content":"","_et_gb_content_width":"","footnotes":""},"class_list":["post-68","page","type-page","status-publish","hentry"],"_links":{"self":[{"href":"https:\/\/jucespjundiai.com.br\/novo\/wp-json\/wp\/v2\/pages\/68","targetHints":{"allow":["GET"]}}],"collection":[{"href":"https:\/\/jucespjundiai.com.br\/novo\/wp-json\/wp\/v2\/pages"}],"about":[{"href":"https:\/\/jucespjundiai.com.br\/novo\/wp-json\/wp\/v2\/types\/page"}],"author":[{"embeddable":true,"href":"https:\/\/jucespjundiai.com.br\/novo\/wp-json\/wp\/v2\/users\/1"}],"replies":[{"embeddable":true,"href":"https:\/\/jucespjundiai.com.br\/novo\/wp-json\/wp\/v2\/comments?post=68"}],"version-history":[{"count":5,"href":"https:\/\/jucespjundiai.com.br\/novo\/wp-json\/wp\/v2\/pages\/68\/revisions"}],"predecessor-version":[{"id":81,"href":"https:\/\/jucespjundiai.com.br\/novo\/wp-json\/wp\/v2\/pages\/68\/revisions\/81"}],"wp:attachment":[{"href":"https:\/\/jucespjundiai.com.br\/novo\/wp-json\/wp\/v2\/media?parent=68"}],"curies":[{"name":"wp","href":"https:\/\/api.w.org\/{rel}","templated":true}]}}